{"id":18,"date":"2018-09-26T18:41:52","date_gmt":"2018-09-26T16:41:52","guid":{"rendered":"http:\/\/danslevif.fr\/?page_id=18"},"modified":"2021-06-03T20:14:44","modified_gmt":"2021-06-03T18:14:44","slug":"edition-2018","status":"publish","type":"page","link":"https:\/\/danslevif.fr\/?page_id=18","title":{"rendered":"\u00c9dition 2018 : D\u00e9lits de solidarit\u00e9"},"content":{"rendered":"<p style=\"text-align: justify;\">En 2018, nous faisons appel \u00e0 quatre auteurs et autrices et les convions \u00e0 \u00e9crire une courte pi\u00e8ce sur le th\u00e8me <strong><em>D\u00e9lits de solidarit\u00e9<\/em><\/strong>. Les textes issus de cette commande sont <strong><em>La meute<\/em> de Guillaume Cayet, <\/strong><strong><em>Les invit\u00e9s<\/em> de J\u00e9zabel Coguyec, <\/strong><strong><em>Titanic<\/em> de Philippe Malone, <\/strong><strong><em>Un Ulysse<\/em> de Mariette Navarro<\/strong>.<\/p>\n<p style=\"text-align: justify;\"><em>Nous aurons plaisir \u00e0 vous transmettre les textes par e-mail, il suffit pour cela de nous \u00e9crire : coordination.danslevif [at] gmail.com. <br \/>Ces textes sont soumis au droit d&#8217;auteur : avant toute utilisation publique, merci de vous rapprocher des soci\u00e9t\u00e9s de gestion des droits d&#8217;auteur.<\/em><\/p>\n<p style=\"text-align: justify;\">Nous poursuivons notre compagnonnage avec <a href=\"https:\/\/laquincaille.com\/\" target=\"_blank\" rel=\"noopener noreferrer\">la Quincaille<\/a> \u00e0 Poullaouen (Finist\u00e8re), fabrique artistique qui accueille une r\u00e9sidence d\u2019\u00e9criture en juillet 2018. Les auteurs et autrices y rencontrent notamment des militant\u00b7es associatif\u00b7ves du Finist\u00e8re (la Cimade, l\u2019Association pour les Droits des \u00c9trangers) et Florent Grellard, professeur de droit et de philosophie.<\/p>\n<p style=\"text-align: justify;\">Un partenariat avec l\u2019ADEC-maison du th\u00e9\u00e2tre amateur \u00e0 Rennes voit la tenue d\u2019une masterclass autour de l\u2019\u0153uvre de J\u00e9zabel Coguyec et Mariette Navarro. Cette soir\u00e9e marque le d\u00e9but d\u2019<a href=\"http:\/\/adec-theatre-amateur.fr\/stages\/en-bonne-compagnie-avec-le-collectif-dans-le-vif-2018-2019\" target=\"_blank\" rel=\"noopener noreferrer\">un atelier de th\u00e9\u00e2tre hebdomadaire<\/a>.<\/p>\n<p style=\"text-align: justify;\">Les r\u00e9sidences de cr\u00e9ation de la lecture publique se font salle Guy Ropartz et au Th\u00e9\u00e2tre du Cercle \u00e0 Rennes. Notre lecture publique est diffus\u00e9e au <a href=\"http:\/\/www.theatreducercle.com\/\" target=\"_blank\" rel=\"noopener noreferrer\">Th\u00e9\u00e2tre du Cercle<\/a> et \u00e0 la <a href=\"https:\/\/www.penichespectacle.com\/dans-le-vif-354.php\" target=\"_blank\" rel=\"noopener noreferrer\">P\u00e9niche Spectacle<\/a> en partenariat avec la Paillette (th\u00e9\u00e2tre et MJC).<\/p>\n<h4 style=\"text-align: justify;\">Guillaume Cayet<\/h4>\n<figure id=\"attachment_190\" aria-describedby=\"caption-attachment-190\" style=\"width: 150px\" class=\"wp-caption alignleft\"><img decoding=\"async\" loading=\"lazy\" class=\"wp-image-190\" src=\"http:\/\/danslevif.fr\/wp-content\/uploads\/2019\/06\/guillaume-cayet-e1560621921767-225x300.png\" alt=\"\" width=\"150\" height=\"200\" srcset=\"https:\/\/danslevif.fr\/wp-content\/uploads\/2019\/06\/guillaume-cayet-e1560621921767-225x300.png 225w, https:\/\/danslevif.fr\/wp-content\/uploads\/2019\/06\/guillaume-cayet-e1560621921767.png 290w\" sizes=\"(max-width: 150px) 100vw, 150px\" \/><figcaption id=\"caption-attachment-190\" class=\"wp-caption-text\">DR<\/figcaption><\/figure>\n<p style=\"text-align: justify;\">Il est auteur et dramaturge. De 2012 \u00e0 2015, il fait partie du d\u00e9partement Ecrivains Dramaturges de l\u2019ENSATT. Durant ses trois ann\u00e9es de formation, il assiste Anne-Laure Li\u00e9geois, Hubert Colas, et entame un partenariat avec Julia Vidit (en tant qu\u2019auteur associ\u00e9 et dramaturge) et la compagnie Future Noire. En 2014, il publie <em>Couarail<\/em> chez Lansmann. La m\u00eame ann\u00e9e, son texte <em>Les Immobiles<\/em> est laur\u00e9at des Journ\u00e9es des Auteurs de Lyon, coup de c\u0153ur de France Culture. L\u2019ann\u00e9e suivante, <em>Proposition de rachat<\/em> est mis en onde par France Culture \u00e0 Th\u00e9\u00e2tre Ouvert, et <em>La Nuit Hurlera de Chiens si Hirondelles ne sifflent pas<\/em> est laur\u00e9at du Prix Jamais Lu. En 2016, il publie un triptyque autour de la lutte dans les milieux ruraux, <em>Retourner l\u2019effondrement<\/em>, comprenant <em>Une Commune<\/em> et <em>Derni\u00e8res Pailles<\/em>. Sa derni\u00e8re pi\u00e8ce, <em>B.A.B.A.R (le Transparent Noir)<\/em> est le d\u00e9but d\u2019une nouvelle recherche autour de la fracture coloniale. Parall\u00e8lement, il r\u00e9dige une th\u00e8se de doctorat sur la question \u00ab\u00a0de la repr\u00e9sentation du peuple dans les \u00e9critures contemporaines\u00a0\u00bb.<\/p>\n<h4 style=\"text-align: justify;\">J\u00e9zabel Coguyec<\/h4>\n<figure id=\"attachment_103\" aria-describedby=\"caption-attachment-103\" style=\"width: 150px\" class=\"wp-caption alignleft\"><img decoding=\"async\" loading=\"lazy\" class=\"wp-image-103\" src=\"http:\/\/danslevif.fr\/wp-content\/uploads\/2018\/10\/J\u00e9zabel-Coguyec-225x300.jpg\" alt=\"\" width=\"150\" height=\"200\" srcset=\"https:\/\/danslevif.fr\/wp-content\/uploads\/2018\/10\/J\u00e9zabel-Coguyec-225x300.jpg 225w, https:\/\/danslevif.fr\/wp-content\/uploads\/2018\/10\/J\u00e9zabel-Coguyec-768x1024.jpg 768w, https:\/\/danslevif.fr\/wp-content\/uploads\/2018\/10\/J\u00e9zabel-Coguyec-400x533.jpg 400w, https:\/\/danslevif.fr\/wp-content\/uploads\/2018\/10\/J\u00e9zabel-Coguyec.jpg 1990w\" sizes=\"(max-width: 150px) 100vw, 150px\" \/><figcaption id=\"caption-attachment-103\" class=\"wp-caption-text\">DR<\/figcaption><\/figure>\n<p style=\"text-align: justify;\">Elle vit en Mayenne, o\u00f9 elle a cr\u00e9\u00e9 en 2007 la Compagnie Autrement Dit. Le travail de la compagnie s\u2019articule autour de sa d\u00e9marche d\u2019\u00e9criture. Les premi\u00e8res cr\u00e9ations, <em>Sous vide<\/em> et <em>Agglom\u00e9r\u00e9<\/em>, traitaient de la solitude de l\u2019individu face \u00e0 la technologie. Et puis elle a eu envie de quitter le plateau de th\u00e9\u00e2tre pour tenter de placer l\u2019\u00e9criture au centre du dispositif de spectacle. C\u2019est ainsi qu\u2019est n\u00e9 le <em>Pr\u00e9dimaton,<\/em> performance d\u2019\u00e9criture pour la rue pr\u00e9sent\u00e9e notamment \u00e0 Chalon l\u2019\u00e9t\u00e9 2011. Elle continue de questionner, dans son travail de cr\u00e9ation mais aussi dans ses interventions aupr\u00e8s des amateurs, la forme qu\u2019une \u00e9criture appelle, aussi bien en terme d\u2019espace que dans la posture dans laquelle on place le spectateur. C\u2019est le terrain de jeu qui l\u2019int\u00e9resse depuis plusieurs ann\u00e9es\u00a0: lecture d\u00e9ambulatoire, adaptation de roman en restaurant, spectacle chez l\u2019habitant, reconstitution de repas de familles sont des exemples de formes qu\u2019elle a pu mettre en sc\u00e8ne ou interpr\u00e9ter. Son dernier texte, <em>Mouchka<\/em>, fait l\u2019objet d\u2019une cr\u00e9ation sonore \u00e0 l\u2019\u00e9t\u00e9 2018.<\/p>\n<p style=\"text-align: justify;\"><a href=\"http:\/\/www.compagnieautrementdit.fr\/\" target=\"_blank\" rel=\"noopener noreferrer\">http:\/\/www.compagnieautrementdit.fr\/<\/a><\/p>\n<h4 style=\"text-align: justify;\">Philippe Malone<\/h4>\n<div style=\"text-align: justify;\">\n<figure id=\"attachment_114\" aria-describedby=\"caption-attachment-114\" style=\"width: 150px\" class=\"wp-caption alignleft\"><img decoding=\"async\" loading=\"lazy\" class=\"wp-image-114\" src=\"http:\/\/danslevif.fr\/wp-content\/uploads\/2018\/10\/Philippe-Malone-225x300.jpg\" alt=\"\" width=\"150\" height=\"200\" srcset=\"https:\/\/danslevif.fr\/wp-content\/uploads\/2018\/10\/Philippe-Malone-225x300.jpg 225w, https:\/\/danslevif.fr\/wp-content\/uploads\/2018\/10\/Philippe-Malone-768x1024.jpg 768w, https:\/\/danslevif.fr\/wp-content\/uploads\/2018\/10\/Philippe-Malone-400x533.jpg 400w, https:\/\/danslevif.fr\/wp-content\/uploads\/2018\/10\/Philippe-Malone.jpg 1287w\" sizes=\"(max-width: 150px) 100vw, 150px\" \/><figcaption id=\"caption-attachment-114\" class=\"wp-caption-text\">DR<\/figcaption><\/figure>\n<p>\u00a0<\/p>\n<p>Philippe Malone est \u00e9crivain, dramaturge et photographe. Il a \u00e9crit une vingtaine de textes dont <em>Pasaran, Titsa, Morituri, Blast, III, L\u2019entretien, Septembres, Blast, Krach<\/em> ou encore <em>Sweetie.<\/em> Les textes sont r\u00e9guli\u00e8rement lus, jou\u00e9s, ou mis en onde, en France (Com\u00e9die fran\u00e7aise, Festival d\u2019Avignon \u2013 Manufacture, Rencontres de la Chartreuse\u2026), et \u00e0 l\u2019\u00e9tranger (Schaub\u00fchne, Deutsches Theater, au Bundestag, Poche-Gen\u00e8ve\u2026). Certains sont traduits, jou\u00e9s et publi\u00e9s en allemand, polonais, italien et espagnol. Pour Laurent Vacher &#8211; Compagnie du Bredin, il a \u00e9crit une com\u00e9die musicale, <em>Lost in a supermarket <\/em>ainsi que la fiction p\u00e9riurbaine <em>Bien lotis<\/em>, cr\u00e9\u00e9e en 2013 au festival d\u2019Avignon. Il travaille avec les musiciens Franck Vigroux et Franco Mannara, avec la chor\u00e9graphe Rita Cioffi, et co-\u00e9crit dans le groupe Petrol avec Lancelot Hamelin, Sylvain Levey et Michel Simonot depuis 2005. Il enseigne \u00e0 l\u2019ESAD (Paris) depuis 2015 et \u00e0 l\u2019ENSATT (Lyon, 2016). Comme dramaturge, il suit les travaux d\u2019\u00e9crivains, de compagnies ou d\u2019\u00e9tudiants en cours d\u2019\u00e9criture. Il est publi\u00e9 chez les Solitaires Intempestifs, Quartett, Espaces 34 et Th\u00e9\u00e2trales (avec Petrol).<\/p>\n<\/div>\n<h4 style=\"text-align: justify;\">Mariette Navarro<\/h4>\n<figure id=\"attachment_105\" aria-describedby=\"caption-attachment-105\" style=\"width: 150px\" class=\"wp-caption alignleft\"><img decoding=\"async\" loading=\"lazy\" class=\"wp-image-105\" src=\"http:\/\/danslevif.fr\/wp-content\/uploads\/2018\/10\/Mariette-Navarro-c-Thomas-Faverjon-220x300.jpeg\" alt=\"\" width=\"150\" height=\"205\" srcset=\"https:\/\/danslevif.fr\/wp-content\/uploads\/2018\/10\/Mariette-Navarro-c-Thomas-Faverjon-220x300.jpeg 220w, https:\/\/danslevif.fr\/wp-content\/uploads\/2018\/10\/Mariette-Navarro-c-Thomas-Faverjon-768x1049.jpeg 768w, https:\/\/danslevif.fr\/wp-content\/uploads\/2018\/10\/Mariette-Navarro-c-Thomas-Faverjon-750x1024.jpeg 750w, https:\/\/danslevif.fr\/wp-content\/uploads\/2018\/10\/Mariette-Navarro-c-Thomas-Faverjon-400x546.jpeg 400w\" sizes=\"(max-width: 150px) 100vw, 150px\" \/><figcaption id=\"caption-attachment-105\" class=\"wp-caption-text\">\u00a9 Thomas Faverjon<\/figcaption><\/figure>\n<p style=\"text-align: justify;\">Apr\u00e8s des \u00e9tudes de Lettres Modernes et d&#8217;Arts du Spectacle, Mariette Navarro entre en tant que dramaturge \u00e0 l\u2019\u00c9cole Sup\u00e9rieure du Th\u00e9\u00e2tre National de Strasbourg (2004 \u00e0 2007). Elle travaille comme dramaturge pour diff\u00e9rents th\u00e9\u00e2tres et compagnies, fait partie de comit\u00e9s de lecture, et du collectif d&#8217;artistes de la Com\u00e9die de B\u00e9thune depuis 2014. Elle est autrice de saison aux Sc\u00e8nes du Jura pour la saison 15-16, et en r\u00e9sidence Ile de France au th\u00e9\u00e2tre de l&#8217;Aquarium pour la saison 17-18. Elle co-dirige la collection Grands Fonds chez Cheyne \u00e9diteur. Elle \u00e9crit notamment pour les metteurs en sc\u00e8ne Matthieu Roy, Caroline Guiela Nguyen, Anne Courel, Fran\u00e7ois Rancillac, H\u00e9l\u00e8ne Souli\u00e9, et la chor\u00e9graphe Marion L\u00e9vy. A ce jour, elle a publi\u00e9 <em>Alors Carcasse<\/em> (Cheyne, 2011 et prix Robert Walser 2012), <em>Nous les vagues<\/em> suivi des <em>C\u00e9l\u00e9brations<\/em> (Quartett, 2011), <em>Prodiges\u00ae<\/em> (Quartett, 2012), <em>Les feux de Poitrine<\/em> (Quartett, 2015), <em>Les Chemins contraires<\/em> (Cheyne, 2016) et <em>Zone \u00e0 \u00e9tendre<\/em> (Quartett, 2018). Son dernier livre, <em>Les H\u00e9r\u00e9tiques<\/em>, sera cr\u00e9\u00e9 en novembre 2018 par Fran\u00e7ois Rancillac et para\u00eetra aux \u00e9ditions Quartett.<\/p>\n<p style=\"text-align: justify;\"><a href=\"http:\/\/petit-oiseau-de-revolution.eklablog.com\/\" target=\"_blank\" rel=\"noopener noreferrer\">http:\/\/petit-oiseau-de-revolution.eklablog.com\/<\/a><\/p>\n\n\n<p><\/p>\n","protected":false},"excerpt":{"rendered":"<p>En 2018, nous faisons appel \u00e0 quatre auteurs et autrices et les convions \u00e0 \u00e9crire une courte pi\u00e8ce sur le th\u00e8me D\u00e9lits de solidarit\u00e9. Les textes issus de cette commande sont La meute de Guillaume Cayet, Les invit\u00e9s de J\u00e9zabel Coguyec, Titanic de Philippe Malone, Un Ulysse de Mariette Navarro. Nous aurons plaisir \u00e0 vous &hellip; <a href=\"https:\/\/danslevif.fr\/?page_id=18\" class=\"more-link\">Continue reading <span class=\"screen-reader-text\">\u00c9dition 2018 : D\u00e9lits de solidarit\u00e9<\/span><\/a><\/p>\n","protected":false},"author":1,"featured_media":0,"parent":0,"menu_order":0,"comment_status":"closed","ping_status":"closed","template":"","meta":{"footnotes":""},"jetpack_sharing_enabled":true,"_links":{"self":[{"href":"https:\/\/danslevif.fr\/index.php?rest_route=\/wp\/v2\/pages\/18"}],"collection":[{"href":"https:\/\/danslevif.fr\/index.php?rest_route=\/wp\/v2\/pages"}],"about":[{"href":"https:\/\/danslevif.fr\/index.php?rest_route=\/wp\/v2\/types\/page"}],"author":[{"embeddable":true,"href":"https:\/\/danslevif.fr\/index.php?rest_route=\/wp\/v2\/users\/1"}],"replies":[{"embeddable":true,"href":"https:\/\/danslevif.fr\/index.php?rest_route=%2Fwp%2Fv2%2Fcomments&post=18"}],"version-history":[{"count":13,"href":"https:\/\/danslevif.fr\/index.php?rest_route=\/wp\/v2\/pages\/18\/revisions"}],"predecessor-version":[{"id":413,"href":"https:\/\/danslevif.fr\/index.php?rest_route=\/wp\/v2\/pages\/18\/revisions\/413"}],"wp:attachment":[{"href":"https:\/\/danslevif.fr\/index.php?rest_route=%2Fwp%2Fv2%2Fmedia&parent=18"}],"curies":[{"name":"wp","href":"https:\/\/api.w.org\/{rel}","templated":true}]}}