{"id":193,"date":"2019-06-15T20:28:25","date_gmt":"2019-06-15T18:28:25","guid":{"rendered":"http:\/\/danslevif.fr\/?page_id=193"},"modified":"2019-11-14T20:25:44","modified_gmt":"2019-11-14T19:25:44","slug":"edition-2019-les-forces-du-desordre","status":"publish","type":"page","link":"https:\/\/danslevif.fr\/?page_id=193","title":{"rendered":"\u00c9dition 2019 : Les forces du d\u00e9sordre"},"content":{"rendered":"<p style=\"text-align: justify;\">En 2019, nous faisons appel \u00e0 quatre nouveaux auteurs et autrices et les convions \u00e0 \u00e9crire une courte pi\u00e8ce de th\u00e9\u00e2tre sur le th\u00e8me <strong>Les forces du d\u00e9sordre<\/strong>. Les textes issus de cette commande sont <strong><em>En boule<\/em> de Catherine Benhamou, <em>Bahia, celle qui a un beau visage<\/em> de Lucie Depauw, <em>Sainte journ\u00e9e<\/em> de Marc-Emmanuel Soriano et <em>La conf\u00e9rence<\/em> de Gr\u00e9goire Vauquois<\/strong>.<\/p>\n<p style=\"text-align: justify;\">Premi\u00e8re \u00e9tape en juin 2019 \u00e0 <a href=\"https:\/\/laquincaille.com\/\" target=\"_blank\" rel=\"noreferrer noopener\">la Quincaille<\/a> \u00e0 Poullaouen (Finist\u00e8re), fabrique artistique qui nous accueille en r\u00e9sidence de dramaturgie.<\/p>\n<p><strong>Catherine Benhamou<\/strong><\/p>\n<figure id=\"attachment_213\" aria-describedby=\"caption-attachment-213\" style=\"width: 150px\" class=\"wp-caption alignleft\"><img decoding=\"async\" loading=\"lazy\" class=\"wp-image-213\" src=\"http:\/\/danslevif.fr\/wp-content\/uploads\/2019\/06\/Catherine-Benhamou-e1560627316355-225x300.jpg\" alt=\"\" width=\"150\" height=\"200\" srcset=\"https:\/\/danslevif.fr\/wp-content\/uploads\/2019\/06\/Catherine-Benhamou-e1560627316355-225x300.jpg 225w, https:\/\/danslevif.fr\/wp-content\/uploads\/2019\/06\/Catherine-Benhamou-e1560627316355-768x1022.jpg 768w, https:\/\/danslevif.fr\/wp-content\/uploads\/2019\/06\/Catherine-Benhamou-e1560627316355-769x1024.jpg 769w, https:\/\/danslevif.fr\/wp-content\/uploads\/2019\/06\/Catherine-Benhamou-e1560627316355-400x532.jpg 400w, https:\/\/danslevif.fr\/wp-content\/uploads\/2019\/06\/Catherine-Benhamou-e1560627316355.jpg 1097w\" sizes=\"(max-width: 150px) 100vw, 150px\" \/><figcaption id=\"caption-attachment-213\" class=\"wp-caption-text\">DR<\/figcaption><\/figure>\n<p style=\"text-align: justify;\">Apr\u00e8s une formation au Conservatoire National d&#8217;Art Dramatique (CNSAD), Catherine Benhamou a un parcours de com\u00e9dienne et d&#8217;autrice : <em>La douce L\u00e9na<\/em> d&#8217;apr\u00e8s Gertrude Stein (aide \u00e0 la cr\u00e9ation de la DMDTS) cr\u00e9\u00e9 \u00e0 la Com\u00e9die de Reims, <em>Hors jeu<\/em> (\u00e9ditions des femmes-Antoinette Fouque) cr\u00e9ation CDR de Tours, <em>Lazare<\/em> mise en espace Th\u00e9\u00e2tre Ouvert, <em>Ana ou la jeune fille intelligente<\/em> (\u00e9ditions des femmes-Antoinette Fouque), finaliste du Grand Prix de Litt\u00e9rature Dramatique 2017, <em>Nina et les managers<\/em> mise en espace Th\u00e9\u00e2tre 13 &#8211; Maison des M\u00e9tallos, <em>Au-del\u00e0<\/em>, mise en espace Th\u00e9\u00e2tre Ouvert, aide \u00e0 la cr\u00e9ation Artcena, s\u00e9lection Bureau des lecteurs de la Com\u00e9die Fran\u00e7aise et France Culture, <em>Romance<\/em> (\u00e9ditions Koin\u00e8), <em>La m\u00e9lodie sans les paroles<\/em>, r\u00e9sidence \u00e0 la Chartreuse-Centre National des \u00e9critures du spectacle (en cours). Elle est formatrice en ateliers d&#8217;\u00e9criture au Th\u00e9\u00e2tre National de la Colline et \u00e0 Aleph-\u00e9criture, ainsi qu\u2019aupr\u00e8s de personnes en situation d&#8217;illettrisme.<\/p>\n<p><strong>Lucie Depauw<\/strong><\/p>\n<figure id=\"attachment_205\" aria-describedby=\"caption-attachment-205\" style=\"width: 150px\" class=\"wp-caption alignleft\"><img decoding=\"async\" loading=\"lazy\" class=\"wp-image-205\" src=\"http:\/\/danslevif.fr\/wp-content\/uploads\/2019\/06\/Lucie-Depauw-e1560625462176-225x300.jpg\" alt=\"\" width=\"150\" height=\"200\" srcset=\"https:\/\/danslevif.fr\/wp-content\/uploads\/2019\/06\/Lucie-Depauw-e1560625462176-225x300.jpg 225w, https:\/\/danslevif.fr\/wp-content\/uploads\/2019\/06\/Lucie-Depauw-e1560625462176.jpg 262w\" sizes=\"(max-width: 150px) 100vw, 150px\" \/><figcaption id=\"caption-attachment-205\" class=\"wp-caption-text\">DR<\/figcaption><\/figure>\n<p style=\"text-align: justify;\">Elle \u00e9crit parall\u00e8lement pour le cin\u00e9ma et pour le th\u00e9\u00e2tre. Elle r\u00e9alise des films documentaires et travaille pour la t\u00e9l\u00e9vision. Auteure de nouvelles, c\u2019est cependant dans l\u2019\u00e9criture th\u00e9\u00e2trale qu\u2019elle se reconna\u00eet par la possibilit\u00e9 de cr\u00e9er des univers singuliers, produisant des passerelles entre image, mati\u00e8re, corps dans l\u2019espace et le temps, tout en privil\u00e9giant la puissance de la langue. Elle re\u00e7oit pour ses textes des bourses d\u2019\u00e9criture de la Fondation Beaumarchais (<em>Carcasses Exquises<\/em> en 2005, <em>Dancefloor Memories<\/em>, en 2009), des aides \u00e0 la cr\u00e9ation du Centre National du Th\u00e9\u00e2tre (<em>Hymen<\/em> en 2001, <em>Lilli\/Heiner<\/em> en 2012 et <em>S.A.S, Th\u00e9\u00e2tre d\u2019Op\u00e9rations et Suites Cinq Etoiles<\/em> en 2013 \u2013 \u00e9galement soutenu par une bourse d\u2019\u00e9criture du Centre National du Livre). Elle est laur\u00e9ate des Journ\u00e9es d\u2019auteurs de Lyon en 2011 (<em>Dancefloor Memories<\/em>). Ses textes sont \u00e9dit\u00e9s aux Solitaires Intempestifs, aux \u00c9ditions Ko\u00efn\u00e8 et Etgso. Certains d\u2019entre eux sont traduits en allemand, en serbe, ou en italien.<\/p>\n<p><strong>Marc-Emmanuel Soriano<\/strong><\/p>\n<figure id=\"attachment_208\" aria-describedby=\"caption-attachment-208\" style=\"width: 150px\" class=\"wp-caption alignleft\"><img decoding=\"async\" loading=\"lazy\" class=\"wp-image-208\" src=\"http:\/\/danslevif.fr\/wp-content\/uploads\/2019\/06\/Marc-Soriano-2-e1560626736703-225x300.jpg\" alt=\"\" width=\"150\" height=\"200\" srcset=\"https:\/\/danslevif.fr\/wp-content\/uploads\/2019\/06\/Marc-Soriano-2-e1560626736703-225x300.jpg 225w, https:\/\/danslevif.fr\/wp-content\/uploads\/2019\/06\/Marc-Soriano-2-e1560626736703-768x1026.jpg 768w, https:\/\/danslevif.fr\/wp-content\/uploads\/2019\/06\/Marc-Soriano-2-e1560626736703-767x1024.jpg 767w, https:\/\/danslevif.fr\/wp-content\/uploads\/2019\/06\/Marc-Soriano-2-e1560626736703-400x534.jpg 400w, https:\/\/danslevif.fr\/wp-content\/uploads\/2019\/06\/Marc-Soriano-2-e1560626736703.jpg 1190w\" sizes=\"(max-width: 150px) 100vw, 150px\" \/><figcaption id=\"caption-attachment-208\" class=\"wp-caption-text\">DR<\/figcaption><\/figure>\n<p style=\"text-align: justify;\">N\u00e9 \u00e0 Clermont-Ferrand 1962, Marc-Emmanuel Soriano entame une carri\u00e8re d\u2019acteur \u00e0 Paris, puis d\u2019auteur pour diverses compagnies (avec <em>L\u2019Enfant Prodigue &#8211; L\u2019autre c\u00f4t\u00e9<\/em> suivi de <em>X,Y,Z vagabonds<\/em> aux \u00e9ditions de l\u2019Harmattan &#8211; <em>Celle qui &#8211; Rendez-vous<\/em> aux \u00e9ditions Th\u00e9\u00e2trales) mais aussi d\u2019agitateur et de transmetteur d\u2019art avec sa compagnie Th\u00e9\u00e2tre suivant. A partir de 2012 il s\u2019int\u00e9resse \u00e0 la trag\u00e9die plan\u00e9taire de la migration et \u00e9crit la pi\u00e8ce <em>Un qui veut traverser<\/em>, qui est laur\u00e9ate du CNT et qu\u2019il donne au Th\u00e9\u00e2tre du Rond-Point en 2013. La pi\u00e8ce est prim\u00e9e par diff\u00e9rents comit\u00e9s de lectures (Gu\u00e9rande, Influensc\u00e8nes, TAPS, Panta Th\u00e9\u00e2tre..), enregistr\u00e9e sur France Culture et lue en public par diff\u00e9rents metteurs en sc\u00e8ne dont Stanislas Nordey au Th\u00e9\u00e2tre National de Strasbourg. Sur le m\u00eame sujet il \u00e9crit une pi\u00e8ce pamphl\u00e9taire, <em>American Paradise<\/em>. En 2015, il \u00e9crit <em>Tout contre toi<\/em>, o\u00f9 la vie amoureuse rencontre l\u2019art du combat, qu\u2019il interpr\u00e8te lors d\u2019une performance boxe-th\u00e9\u00e2tre. <em>Le Parlement des For\u00eats<\/em>, achev\u00e9 en r\u00e9sidence d\u2019\u00e9criture \u00e0 Thiers (Drac Auvergne) poursuit sa trilogie de la migration. Il est laur\u00e9at de l\u2019aide \u00e0 la cr\u00e9ation d\u2019Artcena en mai 2017 et s\u00e9lectionn\u00e9 par la Mousson d\u2019\u00e9t\u00e9 et Actoral la m\u00eame ann\u00e9e.<\/p>\n<p>\u00a0<\/p>\n<p><strong>Gr\u00e9goire Vauquois<\/strong><\/p>\n<figure id=\"attachment_206\" aria-describedby=\"caption-attachment-206\" style=\"width: 150px\" class=\"wp-caption alignleft\"><img decoding=\"async\" loading=\"lazy\" class=\"wp-image-206\" src=\"http:\/\/danslevif.fr\/wp-content\/uploads\/2019\/06\/Gr\u00e9goireVAUQUOIS-e1560625848306-225x300.jpg\" alt=\"\" width=\"150\" height=\"200\" srcset=\"https:\/\/danslevif.fr\/wp-content\/uploads\/2019\/06\/Gr\u00e9goireVAUQUOIS-e1560625848306-225x300.jpg 225w, https:\/\/danslevif.fr\/wp-content\/uploads\/2019\/06\/Gr\u00e9goireVAUQUOIS-e1560625848306-768x1026.jpg 768w, https:\/\/danslevif.fr\/wp-content\/uploads\/2019\/06\/Gr\u00e9goireVAUQUOIS-e1560625848306-767x1024.jpg 767w, https:\/\/danslevif.fr\/wp-content\/uploads\/2019\/06\/Gr\u00e9goireVAUQUOIS-e1560625848306-400x534.jpg 400w, https:\/\/danslevif.fr\/wp-content\/uploads\/2019\/06\/Gr\u00e9goireVAUQUOIS-e1560625848306.jpg 1607w\" sizes=\"(max-width: 150px) 100vw, 150px\" \/><figcaption id=\"caption-attachment-206\" class=\"wp-caption-text\">DR<\/figcaption><\/figure>\n<p style=\"text-align: justify;\">Gr\u00e9goire Vauquois est n\u00e9 \u00e0 Grenoble en 1994. Il entame des \u00e9tudes de lettres et d\u2019arts plastiques avant de d\u00e9couvrir le th\u00e9\u00e2tre et de s\u2019y consacrer pleinement. Il int\u00e8gre en 2014 le conservatoire d\u2019art dramatique de Montpellier sous la direction d\u2019H\u00e9l\u00e8ne de Bissy ainsi qu\u2019une licence d\u2019arts du spectacle \u00e0 l\u2019universit\u00e9 Paul Val\u00e9ry Montpellier 3. En 2016 il poursuit sa formation en cycle d\u2019orientation professionnelle au conservatoire de Rennes o\u00f9 il suit l\u2019enseignement de Daniel Dupont et en master 1 d\u2019\u00e9tudes th\u00e9\u00e2trales \u00e0 l\u2019universit\u00e9 Rennes 2 o\u00f9 il d\u00e9bute un m\u00e9moire de recherche sous la direction de Christiane Page autour des formes th\u00e9\u00e2trales \u00ab\u00a0extra-sc\u00e9niques\u00a0\u00bb. Il suit \u00e9galement un atelier d\u2019\u00e9criture avec Ronan Mancec \u00e0 l\u2019ADEC, maison du th\u00e9\u00e2tre amateur de Rennes en 2018. En septembre 2018 il int\u00e8gre le d\u00e9partement \u00ab\u00a0\u00e9crivain dramaturge\u00a0\u00bb de l\u2019ENSATT sous la direction d\u2019Enzo Cormann et de Samuel Gallet.<\/p>\n\n\n<p><\/p>\n","protected":false},"excerpt":{"rendered":"<p>En 2019, nous faisons appel \u00e0 quatre nouveaux auteurs et autrices et les convions \u00e0 \u00e9crire une courte pi\u00e8ce de th\u00e9\u00e2tre sur le th\u00e8me Les forces du d\u00e9sordre. Les textes issus de cette commande sont En boule de Catherine Benhamou, Bahia, celle qui a un beau visage de Lucie Depauw, Sainte journ\u00e9e de Marc-Emmanuel Soriano &hellip; <a href=\"https:\/\/danslevif.fr\/?page_id=193\" class=\"more-link\">Continue reading <span class=\"screen-reader-text\">\u00c9dition 2019 : Les forces du d\u00e9sordre<\/span><\/a><\/p>\n","protected":false},"author":1,"featured_media":0,"parent":0,"menu_order":0,"comment_status":"closed","ping_status":"closed","template":"","meta":{"footnotes":""},"jetpack_sharing_enabled":true,"_links":{"self":[{"href":"https:\/\/danslevif.fr\/index.php?rest_route=\/wp\/v2\/pages\/193"}],"collection":[{"href":"https:\/\/danslevif.fr\/index.php?rest_route=\/wp\/v2\/pages"}],"about":[{"href":"https:\/\/danslevif.fr\/index.php?rest_route=\/wp\/v2\/types\/page"}],"author":[{"embeddable":true,"href":"https:\/\/danslevif.fr\/index.php?rest_route=\/wp\/v2\/users\/1"}],"replies":[{"embeddable":true,"href":"https:\/\/danslevif.fr\/index.php?rest_route=%2Fwp%2Fv2%2Fcomments&post=193"}],"version-history":[{"count":9,"href":"https:\/\/danslevif.fr\/index.php?rest_route=\/wp\/v2\/pages\/193\/revisions"}],"predecessor-version":[{"id":266,"href":"https:\/\/danslevif.fr\/index.php?rest_route=\/wp\/v2\/pages\/193\/revisions\/266"}],"wp:attachment":[{"href":"https:\/\/danslevif.fr\/index.php?rest_route=%2Fwp%2Fv2%2Fmedia&parent=193"}],"curies":[{"name":"wp","href":"https:\/\/api.w.org\/{rel}","templated":true}]}}