{"id":22,"date":"2018-09-26T18:42:43","date_gmt":"2018-09-26T16:42:43","guid":{"rendered":"http:\/\/danslevif.fr\/?page_id=22"},"modified":"2021-11-08T22:29:29","modified_gmt":"2021-11-08T21:29:29","slug":"equipe","status":"publish","type":"page","link":"https:\/\/danslevif.fr\/?page_id=22","title":{"rendered":"Le collectif"},"content":{"rendered":"<p style=\"text-align: justify;\">En 2014, No\u00eblle Keruzor\u00e9, com\u00e9dienne et metteure en sc\u00e8ne \u00e0 Rennes, commence \u00e0 s\u2019int\u00e9resser \u00e0 <a href=\"https:\/\/www.theatreuncut.com\/\" target=\"_blank\" rel=\"noopener\">Theatre Uncut<\/a>, collectif th\u00e9\u00e2tral anglais qui r\u00e9agit \u00e0 l\u2019actualit\u00e9 sur un calendrier resserr\u00e9, fort de plusieurs milliers de participant\u00b7es dans une trentaine de pays. Sensible \u00e0 cette d\u00e9marche et en accord avec les initiatrices du projet anglais, No\u00eblle en est devenue le relais de ce c\u00f4t\u00e9-ci de la Manche. Un collectif rennais s\u2019est organis\u00e9, h\u00e9berg\u00e9 par la compagnie Dellie et proposant des \u00e9v\u00e9nements notamment avec les \u00e9l\u00e8ves de l\u2019\u00e9cole du Th\u00e9\u00e2tre National de Bretagne, des \u00e9tudiant\u00b7es en Arts du Spectacle de l\u2019<a href=\"https:\/\/www.univ-rennes2.fr\/service-culturel\/actualites\/theatre-uncut-ou-comment-theatre-peut-interroger-monde\" target=\"_blank\" rel=\"noopener\">Universit\u00e9 de Rennes\u00a02<\/a>, <a href=\"http:\/\/www.letriangle.org\/Theatre-Uncut\" target=\"_blank\" rel=\"noopener\">le Triangle \u2013 Cit\u00e9 de la danse<\/a> et l\u2019H\u00f4tel Pasteur \u00e0 Rennes, Au Bout du Plongeoir \u00e0 Thorign\u00e9-Fouillard et la Maison du Livre de B\u00e9cherel (Ille-et-Vilaine) ou encore La Quincaille, fabrique artistique \u00e0 Poullaouen (Finist\u00e8re)\u2026 Notre collectif a d\u00e9velopp\u00e9 le jeu jusqu\u2019\u00e0 inviter des auteurs fran\u00e7ais \u00e0 \u00e9crire directement dans notre langue sur la th\u00e9matique de Theatre Uncut 2017. Anouch Par\u00e9 et Thierry Beucher se sont pr\u00eat\u00e9s au jeu et ont initi\u00e9 l\u2019\u00e9dition internationale de Theatre Uncut 2017, sur la question de la post-v\u00e9rit\u00e9.<\/p>\n<p style=\"text-align: justify;\"><strong>Nous affirmons depuis notre d\u00e9sir de nous adresser \u00e0 des auteurs et des autrices de th\u00e9\u00e2tre dont nous aimons le travail, pour aller \u00e0 la rencontre du public avec leurs textes et l\u2019envie de d\u00e9battre. Forts de cette histoire, nous avons fait de 2018 l\u2019ann\u00e9e de la premi\u00e8re \u00e9dition de Dans le vif.<\/strong><\/p>\n<figure id=\"attachment_67\" aria-describedby=\"caption-attachment-67\" style=\"width: 600px\" class=\"wp-caption aligncenter\"><img decoding=\"async\" loading=\"lazy\" class=\"wp-image-67\" src=\"http:\/\/danslevif.fr\/wp-content\/uploads\/2018\/09\/Le-Triangle-\u00a9-Franck-Belloeil-1-300x200.jpg\" alt=\"\" width=\"600\" height=\"400\" srcset=\"https:\/\/danslevif.fr\/wp-content\/uploads\/2018\/09\/Le-Triangle-\u00a9-Franck-Belloeil-1-300x200.jpg 300w, https:\/\/danslevif.fr\/wp-content\/uploads\/2018\/09\/Le-Triangle-\u00a9-Franck-Belloeil-1-768x512.jpg 768w, https:\/\/danslevif.fr\/wp-content\/uploads\/2018\/09\/Le-Triangle-\u00a9-Franck-Belloeil-1-1024x683.jpg 1024w, https:\/\/danslevif.fr\/wp-content\/uploads\/2018\/09\/Le-Triangle-\u00a9-Franck-Belloeil-1-400x267.jpg 400w, https:\/\/danslevif.fr\/wp-content\/uploads\/2018\/09\/Le-Triangle-\u00a9-Franck-Belloeil-1.jpg 1800w\" sizes=\"(max-width: 600px) 100vw, 600px\" \/><figcaption id=\"caption-attachment-67\" class=\"wp-caption-text\">\u00a9 Franck Belloeil<\/figcaption><\/figure>\n<h4 style=\"text-align: justify;\">No\u00eblle Keruzor\u00e9, com\u00e9dienne, metteure en sc\u00e8ne, traductrice<\/h4>\n<figure id=\"attachment_318\" aria-describedby=\"caption-attachment-318\" style=\"width: 150px\" class=\"wp-caption alignleft\"><img decoding=\"async\" loading=\"lazy\" class=\"wp-image-318 size-full\" src=\"http:\/\/danslevif.fr\/wp-content\/uploads\/2020\/08\/Noelle_repetition.jpg\" alt=\"\" width=\"150\" height=\"200\" \/><figcaption id=\"caption-attachment-318\" class=\"wp-caption-text\">DR<\/figcaption><\/figure>\n<p style=\"text-align: justify;\">Metteure en sc\u00e8ne et interpr\u00e8te, No\u00eblle Keruzor\u00e9 a commenc\u00e9 son parcours artistique par la danse. Apr\u00e8s un DESS en \u00e9tudes anglophones, elle s\u2019est form\u00e9e au th\u00e9\u00e2tre \u00e0 la Classe Libre de l\u2019Ecole Florent \u00e0 Paris puis \u00e0 La London Academy of Music and Dramatic Art (LAMDA) \u00e0 Londres. Elle a travaill\u00e9 avec Philippe Calvario, Fr\u00e9d\u00e9ric B\u00e9lier-Garcia, Jean de Pange, Volodia Serre, navigant du Th\u00e9\u00e2tre des Amandiers \u00e0 Nanterre au CDN de Nice, en passant par le Th\u00e9\u00e2tre de la Commune \u00e0 Aubervilliers, le Th\u00e9\u00e2tre de l\u2019Aquarium \u00e0 la Cartoucherie de Vincennes et le Quartz \u00e0 Brest. Son travail est guid\u00e9 par la recherche au plateau et la notion de mouvement, celui de la partition constitu\u00e9e par le texte, celui d\u00e9crit par les corps en sc\u00e8ne. Le tout finit par cr\u00e9er ou recr\u00e9er une danse du monde dans laquelle chaque interpr\u00e8te peut d\u00e9montrer sa singularit\u00e9 tout en s\u2019affirmant comme appartenant \u00e0 un ensemble. En lien avec cette recherche, elle s\u2019est form\u00e9e \u00e0 la technique Alexander qu\u2019elle enseigne depuis 15 ans. No\u00eblle travaille \u00e9galement en tant que coach d\u2019acteurs. Elle a ainsi coach\u00e9 en anglais l\u2019acteur fran\u00e7ais Tch\u00e9ky Karyo sur les deux saisons de la s\u00e9rie <em>Baptiste<\/em> (production BBC1). A l\u2019initiative du collectif Dans le vif, elle lance pour 2020-2022 le projet chor\u00e9graphique \u00ab Je me heurte \u00e0\u2026 \u00bb.<\/p>\n<p style=\"text-align: justify;\"><a href=\"http:\/\/yeggmag.fr\/sites\/default\/files\/magazines\/64_YEGG_DECEMBRE_2017.pdf?width=96%25&amp;height=98%25&amp;iframe=true\" target=\"_blank\" rel=\"noopener noreferrer\">Portrait de No\u00eblle \u00e9voquant les origines de Dans le vif pour la revue en ligne Yegg.<\/a><\/p>\n<h4 style=\"text-align: justify;\">Ga\u00ebl Le Guillou-Castel, com\u00e9dien<\/h4>\n<figure id=\"attachment_307\" aria-describedby=\"caption-attachment-307\" style=\"width: 150px\" class=\"wp-caption alignleft\"><img decoding=\"async\" loading=\"lazy\" class=\"wp-image-307\" src=\"http:\/\/danslevif.fr\/wp-content\/uploads\/2020\/07\/GLGC-225x300.jpg\" alt=\"\" width=\"150\" height=\"200\" srcset=\"https:\/\/danslevif.fr\/wp-content\/uploads\/2020\/07\/GLGC-225x300.jpg 225w, https:\/\/danslevif.fr\/wp-content\/uploads\/2020\/07\/GLGC-768x1024.jpg 768w, https:\/\/danslevif.fr\/wp-content\/uploads\/2020\/07\/GLGC-1152x1536.jpg 1152w, https:\/\/danslevif.fr\/wp-content\/uploads\/2020\/07\/GLGC-1536x2048.jpg 1536w, https:\/\/danslevif.fr\/wp-content\/uploads\/2020\/07\/GLGC-scaled.jpg 1920w\" sizes=\"(max-width: 150px) 100vw, 150px\" \/><figcaption id=\"caption-attachment-307\" class=\"wp-caption-text\">DR<\/figcaption><\/figure>\n<p style=\"text-align: justify;\">Il est metteur en sc\u00e8ne, com\u00e9dien et intervenant. Il est titulaire d\u2019une licence Arts du spectacle. Il se forme \u00e0 la pratique du jeu par le biais de stages (Nadia Vonderheyeden, C\u00e9dric Gourmelon, Le Th\u00e9\u00e2tre des Lucioles, Evelyne Fagnen, Anouch Par\u00e9, etc.). Il s\u2019investit \u00e9galement dans plusieurs projets th\u00e9\u00e2traux au sein des associations \u00e9tudiantes. Depuis 2005, il a travaill\u00e9 avec diff\u00e9rentes compagnies comme l\u2019H\u00f4tel de la plage, la Compagnie 3\u00e8me acte, les Allumettes Associ\u00e9es, l\u2019Atelier des possibles ou le chor\u00e9graphe Yvann Alexandre. En 2006, il co-fonde La Caravane Compagnie. Il y joue en tant que com\u00e9dien et met en sc\u00e8ne plusieurs spectacles. Il participe aux diff\u00e9rents projets de territoires men\u00e9s par la compagnie, et y d\u00e9fend la d\u00e9marche d\u2019un th\u00e9\u00e2tre du quotidien, et op\u00e8re des aller-retours entre textes th\u00e9\u00e2traux et cr\u00e9ation \u00e0 partir de collectes de paroles. Il dirige r\u00e9guli\u00e8rement des ateliers.<\/p>\n<h4 style=\"text-align: justify;\">Ronan Mancec, auteur et traducteur de th\u00e9\u00e2tre<\/h4>\n<figure id=\"attachment_96\" aria-describedby=\"caption-attachment-96\" style=\"width: 150px\" class=\"wp-caption alignleft\"><img decoding=\"async\" loading=\"lazy\" class=\"wp-image-96\" src=\"http:\/\/danslevif.fr\/wp-content\/uploads\/2018\/09\/Ronan-Mancec-\u00a9-Elsa-Le-Calvez-Amsallem-222x300.jpg\" alt=\"\" width=\"150\" height=\"203\" srcset=\"https:\/\/danslevif.fr\/wp-content\/uploads\/2018\/09\/Ronan-Mancec-\u00a9-Elsa-Le-Calvez-Amsallem-222x300.jpg 222w, https:\/\/danslevif.fr\/wp-content\/uploads\/2018\/09\/Ronan-Mancec-\u00a9-Elsa-Le-Calvez-Amsallem.jpg 768w, https:\/\/danslevif.fr\/wp-content\/uploads\/2018\/09\/Ronan-Mancec-\u00a9-Elsa-Le-Calvez-Amsallem-758x1024.jpg 758w, https:\/\/danslevif.fr\/wp-content\/uploads\/2018\/09\/Ronan-Mancec-\u00a9-Elsa-Le-Calvez-Amsallem-400x540.jpg 400w\" sizes=\"(max-width: 150px) 100vw, 150px\" \/><figcaption id=\"caption-attachment-96\" class=\"wp-caption-text\">\u00a9 Elsa Amsallem<\/figcaption><\/figure>\n<p style=\"text-align: justify;\">Ronan Mancec est auteur de th\u00e9\u00e2tre, publi\u00e9 aux \u00e9ditions Th\u00e9\u00e2trales : <em>Le Gardien de mon fr\u00e8re<\/em>, <em>Azote et fertilisants<\/em>, <em>Tithon et la fille du matin<\/em>, <em>Je viens je suis venu<\/em> (Journ\u00e9es de Lyon des auteurs de th\u00e9\u00e2tre)\u2026 Il s\u2019int\u00e9resse au th\u00e9\u00e2tre \u00e0 partir de t\u00e9moignages et aux formes <em>in situ<\/em>. Ses pi\u00e8ces ont toutes \u00e9t\u00e9 s\u00e9lectionn\u00e9es par des comit\u00e9s de lecture, et mises en sc\u00e8ne par Thierry Bordereau, C\u00e9dric Gourmelon, Jean-Claude Gal, Laure Fonvieille ou encore de nombreux amateurs. Il a b\u00e9n\u00e9fici\u00e9 de plusieurs aides d&#8217;Artcena, du Centre National du Livre, et de r\u00e9sidences d\u2019\u00e9criture en France et au Qu\u00e9bec. Membre du comit\u00e9 anglophone de la Maison Antoine Vitez, Centre international de la traduction th\u00e9\u00e2trale, il a notamment traduit des pi\u00e8ces de Duncan Macmillan et Annie Baker et coordonn\u00e9 avec No\u00eblle Keruzor\u00e9 le dossier sur Theatre Uncut dans Le Bruit du monde revu(e) n\u00b04.<br \/>\n<a href=\"https:\/\/www.ronanmancec.fr\/\" target=\"_blank\" rel=\"noopener\">www.ronanmancec.fr<\/a><\/p>\n<h4 style=\"text-align: justify;\">Chlo\u00e9 Maniscalco, com\u00e9dienne<\/h4>\n<figure id=\"attachment_309\" aria-describedby=\"caption-attachment-309\" style=\"width: 150px\" class=\"wp-caption alignleft\"><img decoding=\"async\" loading=\"lazy\" class=\"wp-image-309\" src=\"http:\/\/danslevif.fr\/wp-content\/uploads\/2020\/07\/CM-225x300.jpg\" alt=\"\" width=\"150\" height=\"200\" srcset=\"https:\/\/danslevif.fr\/wp-content\/uploads\/2020\/07\/CM-225x300.jpg 225w, https:\/\/danslevif.fr\/wp-content\/uploads\/2020\/07\/CM.jpg 462w\" sizes=\"(max-width: 150px) 100vw, 150px\" \/><figcaption id=\"caption-attachment-309\" class=\"wp-caption-text\">DR<\/figcaption><\/figure>\n<p style=\"text-align: justify;\">Chlo\u00e9 Maniscalco commence le th\u00e9\u00e2tre en MJC et au lyc\u00e9e, puis obtient un master d\u2019\u00e9tudes th\u00e9\u00e2trales \u00e0 Paris III. En parall\u00e8le elle suit les cours d\u2019Anne Torres et du conservatoire du 10\u00e8me avant d\u2019int\u00e9grer en 2012 la premi\u00e8re promotion d\u2019Eric Lacascade au Th\u00e9\u00e2tre National de Bretagne. \u00c0 sa sortie en 2015 elle cofonde la compagnie LaDude (qu\u2019elle quitte en 2019) dans laquelle elle met en sc\u00e8ne <em>Histoires d\u2019hommes<\/em> et <em>Cicatrices et b\u00e9quilles<\/em> (en bin\u00f4me avec Laure Catherin). Passionn\u00e9e par la m\u00e9diation elle intervient au centre p\u00e9nitencier des femmes, la PJJ et la maison des pratiques amateur de Rennes, l\u2019h\u00f4pital psychiatrique Guillaume Regnier, le foyer de jeunes travailleurs de Saint Brieuc et dans plusieurs lyc\u00e9es et ateliers pour adolescents. Elle fait partie des cr\u00e9ations <em>Saint Brieuc ville \u00e0 \u00e9crire<\/em> (spectacle chez l\u2019habitant) de la cie Folle Pens\u00e9e et du dispositif Le th\u00e9\u00e2tre c\u2019est dans ta classe des Sc\u00e8nes Nationales du Jura avec <em>Aux plus adultes que nous<\/em> (texte Samuel Gallet m.e.s. David Gauchard), et <em>Oui ! Variations autour d\u2019une journ\u00e9e de noce<\/em> de la Caravane Compagnie (spectacle ambulatoire m.e.s. Ga\u00ebl Le Guillou-Castel). Elle joua \u00e9galement sous la direction de Sara Amrous (cie Fi\u00e8vre) dans <em>Violences-\u00c2mes et demeures<\/em> de Gabily, de Mika\u00ebl Bernard (cie \u00c0 corps rompus) dans <em>Pas Savoir<\/em> (texte Arnaud Rykner) et <em>De Ruines et de rage<\/em>, de Claire Ducroz (cie Blobfishblues) dans <em>IBOX<\/em> (texte Eric Maniengui) et de Romain Brosseau (groupe Odyss\u00e9e) dans <em>Y aura-t-il des dauphins dans la Vilaine ?<\/em> (texte Cecile Cayrel). Elle rejoint en 2019 le collectif Dans Le Vif. En 2020 elle fonde L\u2019Ernestine, compagnie dans laquelle elle travaille \u00e0 la mise en sc\u00e8ne de son prochain spectacle. Actuellement elle est assistante \u00e0 la mise en sc\u00e8ne sur <em>Terreur<\/em> (texte Ferdinand Von Schirach), la prochaine cr\u00e9ation de Ga\u00ebl Le Guillou-Castel et en cr\u00e9ation (jeu) de <em>Zone \u00e0 \u00c9tendre<\/em> ( texte Mariette Navarro, m.e.s. Diane Giorgis).<\/p>\n<h4 style=\"text-align: justify;\">Fr\u00e9d\u00e9rique Mingant, metteuse en sc\u00e8ne<\/h4>\n<figure id=\"attachment_97\" aria-describedby=\"caption-attachment-97\" style=\"width: 150px\" class=\"wp-caption alignleft\"><img decoding=\"async\" loading=\"lazy\" class=\"wp-image-97\" src=\"http:\/\/danslevif.fr\/wp-content\/uploads\/2018\/09\/Fr\u00e9d\u00e9rique-Mingant-225x300.jpg\" alt=\"\" width=\"150\" height=\"200\" srcset=\"https:\/\/danslevif.fr\/wp-content\/uploads\/2018\/09\/Fr\u00e9d\u00e9rique-Mingant-225x300.jpg 225w, https:\/\/danslevif.fr\/wp-content\/uploads\/2018\/09\/Fr\u00e9d\u00e9rique-Mingant-768x1024.jpg 768w, https:\/\/danslevif.fr\/wp-content\/uploads\/2018\/09\/Fr\u00e9d\u00e9rique-Mingant-400x533.jpg 400w\" sizes=\"(max-width: 150px) 100vw, 150px\" \/><figcaption id=\"caption-attachment-97\" class=\"wp-caption-text\">DR<\/figcaption><\/figure>\n<p style=\"text-align: justify;\">Fr\u00e9d\u00e9rique Mingant est metteuse en sc\u00e8ne et directrice artistique de la compagnie 13\/10\u00e8 en Ut (Rennes). Elle travaille de fa\u00e7on privil\u00e9gi\u00e9e sur les textes dramatiques de la fin du XX<sup>\u00e8me<\/sup> si\u00e8cle ou du XXI<sup>\u00e8me<\/sup> si\u00e8cle. Elle a mis en sc\u00e8ne <em>Gaspard<\/em> de Peter Handke (2007), trois \u0153uvres de Witold Gombrowicz (<em>Yvonne, princesse de Bourgogne, Bakaka\u00ef, Op\u00e9rette<\/em>, 2009), <em>H\u00f4tel Palestine<\/em> (2010) et <em>Trust<\/em> de Falk Richter (2013), <em>Toutes les choses g\u00e9niales<\/em> de Duncan Macmillan (2016), <em>1984<\/em> de George Orwell dans l\u2019adaptation d\u2019Icke &amp; Macmillan (2017), <em>George Kaplan<\/em> de Fr\u00e9d\u00e9ric Sonntag (2019). En tant que dramaturge et collaboratrice artistique, elle a accompagn\u00e9 Madeleine Louarn, Rachid Zanouda, Eric Vigner et Laurance Henry. Depuis 2018, elle d\u00e9veloppe un cycle de laboratoires de recherche th\u00e9\u00e2trale nomm\u00e9 SAUVAGE. La cr\u00e9ation de <em>SAUVAGE<\/em> est pr\u00e9vue en 2021.<\/p>\n","protected":false},"excerpt":{"rendered":"<p>En 2014, No\u00eblle Keruzor\u00e9, com\u00e9dienne et metteure en sc\u00e8ne \u00e0 Rennes, commence \u00e0 s\u2019int\u00e9resser \u00e0 Theatre Uncut, collectif th\u00e9\u00e2tral anglais qui r\u00e9agit \u00e0 l\u2019actualit\u00e9 sur un calendrier resserr\u00e9, fort de plusieurs milliers de participant\u00b7es dans une trentaine de pays. Sensible \u00e0 cette d\u00e9marche et en accord avec les initiatrices du projet anglais, No\u00eblle en est &hellip; <a href=\"https:\/\/danslevif.fr\/?page_id=22\" class=\"more-link\">Continue reading <span class=\"screen-reader-text\">Le collectif<\/span><\/a><\/p>\n","protected":false},"author":1,"featured_media":0,"parent":0,"menu_order":0,"comment_status":"closed","ping_status":"closed","template":"","meta":{"footnotes":""},"jetpack_sharing_enabled":true,"_links":{"self":[{"href":"https:\/\/danslevif.fr\/index.php?rest_route=\/wp\/v2\/pages\/22"}],"collection":[{"href":"https:\/\/danslevif.fr\/index.php?rest_route=\/wp\/v2\/pages"}],"about":[{"href":"https:\/\/danslevif.fr\/index.php?rest_route=\/wp\/v2\/types\/page"}],"author":[{"embeddable":true,"href":"https:\/\/danslevif.fr\/index.php?rest_route=\/wp\/v2\/users\/1"}],"replies":[{"embeddable":true,"href":"https:\/\/danslevif.fr\/index.php?rest_route=%2Fwp%2Fv2%2Fcomments&post=22"}],"version-history":[{"count":16,"href":"https:\/\/danslevif.fr\/index.php?rest_route=\/wp\/v2\/pages\/22\/revisions"}],"predecessor-version":[{"id":459,"href":"https:\/\/danslevif.fr\/index.php?rest_route=\/wp\/v2\/pages\/22\/revisions\/459"}],"wp:attachment":[{"href":"https:\/\/danslevif.fr\/index.php?rest_route=%2Fwp%2Fv2%2Fmedia&parent=22"}],"curies":[{"name":"wp","href":"https:\/\/api.w.org\/{rel}","templated":true}]}}