{"id":268,"date":"2019-11-15T20:30:00","date_gmt":"2019-11-15T19:30:00","guid":{"rendered":"http:\/\/danslevif.fr\/?page_id=268"},"modified":"2021-12-22T11:58:01","modified_gmt":"2021-12-22T10:58:01","slug":"edition-2019-les-forces-du-desordre-les-textes-en-acces-libre","status":"publish","type":"page","link":"https:\/\/danslevif.fr\/?page_id=268","title":{"rendered":"Tous les textes en acc\u00e8s libre"},"content":{"rendered":"\n<p>Tous les textes \u00e9crits pour <strong>Dans le vif<\/strong> sont libres d&#8217;acc\u00e8s mais restent soumis au droit d\u2019auteur : avant toute utilisation  publique, merci de vous rapprocher des soci\u00e9t\u00e9s de gestion des droits  d\u2019auteur.<br>Contactez notre collectif pour que nous mettions en valeur vos propositions autour des textes&nbsp; ! <\/p>\n\n\n\n<h2 class=\"wp-block-heading\">\u00c9dition 2021 : Quoi qu&#8217;il en co\u00fbte<\/h2>\n\n\n\n<figure class=\"wp-block-gallery columns-4 is-cropped wp-block-gallery-1 is-layout-flex wp-block-gallery-is-layout-flex\"><ul class=\"blocks-gallery-grid\"><li class=\"blocks-gallery-item\"><figure><img decoding=\"async\" loading=\"lazy\" width=\"654\" height=\"1024\" src=\"http:\/\/danslevif.fr\/wp-content\/uploads\/2021\/12\/Plan-de-travail-1-copie-3-654x1024.jpg\" alt=\"\" data-id=\"476\" data-full-url=\"http:\/\/danslevif.fr\/wp-content\/uploads\/2021\/12\/Plan-de-travail-1-copie-3.jpg\" data-link=\"http:\/\/danslevif.fr\/?attachment_id=476\" class=\"wp-image-476\" srcset=\"https:\/\/danslevif.fr\/wp-content\/uploads\/2021\/12\/Plan-de-travail-1-copie-3-654x1024.jpg 654w, https:\/\/danslevif.fr\/wp-content\/uploads\/2021\/12\/Plan-de-travail-1-copie-3-192x300.jpg 192w, https:\/\/danslevif.fr\/wp-content\/uploads\/2021\/12\/Plan-de-travail-1-copie-3-768x1202.jpg 768w, https:\/\/danslevif.fr\/wp-content\/uploads\/2021\/12\/Plan-de-travail-1-copie-3-982x1536.jpg 982w, https:\/\/danslevif.fr\/wp-content\/uploads\/2021\/12\/Plan-de-travail-1-copie-3-1309x2048.jpg 1309w, https:\/\/danslevif.fr\/wp-content\/uploads\/2021\/12\/Plan-de-travail-1-copie-3.jpg 1475w\" sizes=\"(max-width: 654px) 100vw, 654px\" \/><\/figure><\/li><li class=\"blocks-gallery-item\"><figure><img decoding=\"async\" loading=\"lazy\" width=\"654\" height=\"1024\" src=\"http:\/\/danslevif.fr\/wp-content\/uploads\/2021\/12\/Plan-de-travail-1-copie-2-654x1024.jpg\" alt=\"\" data-id=\"475\" data-full-url=\"http:\/\/danslevif.fr\/wp-content\/uploads\/2021\/12\/Plan-de-travail-1-copie-2.jpg\" data-link=\"http:\/\/danslevif.fr\/?attachment_id=475\" class=\"wp-image-475\" srcset=\"https:\/\/danslevif.fr\/wp-content\/uploads\/2021\/12\/Plan-de-travail-1-copie-2-654x1024.jpg 654w, https:\/\/danslevif.fr\/wp-content\/uploads\/2021\/12\/Plan-de-travail-1-copie-2-192x300.jpg 192w, https:\/\/danslevif.fr\/wp-content\/uploads\/2021\/12\/Plan-de-travail-1-copie-2-768x1202.jpg 768w, https:\/\/danslevif.fr\/wp-content\/uploads\/2021\/12\/Plan-de-travail-1-copie-2-982x1536.jpg 982w, https:\/\/danslevif.fr\/wp-content\/uploads\/2021\/12\/Plan-de-travail-1-copie-2-1309x2048.jpg 1309w, https:\/\/danslevif.fr\/wp-content\/uploads\/2021\/12\/Plan-de-travail-1-copie-2.jpg 1475w\" sizes=\"(max-width: 654px) 100vw, 654px\" \/><\/figure><\/li><li class=\"blocks-gallery-item\"><figure><img decoding=\"async\" loading=\"lazy\" width=\"654\" height=\"1024\" src=\"http:\/\/danslevif.fr\/wp-content\/uploads\/2021\/12\/Plan-de-travail-1-copie-654x1024.jpg\" alt=\"\" data-id=\"478\" data-full-url=\"http:\/\/danslevif.fr\/wp-content\/uploads\/2021\/12\/Plan-de-travail-1-copie.jpg\" data-link=\"http:\/\/danslevif.fr\/?attachment_id=478\" class=\"wp-image-478\" srcset=\"https:\/\/danslevif.fr\/wp-content\/uploads\/2021\/12\/Plan-de-travail-1-copie-654x1024.jpg 654w, https:\/\/danslevif.fr\/wp-content\/uploads\/2021\/12\/Plan-de-travail-1-copie-192x300.jpg 192w, https:\/\/danslevif.fr\/wp-content\/uploads\/2021\/12\/Plan-de-travail-1-copie-768x1202.jpg 768w, https:\/\/danslevif.fr\/wp-content\/uploads\/2021\/12\/Plan-de-travail-1-copie-982x1536.jpg 982w, https:\/\/danslevif.fr\/wp-content\/uploads\/2021\/12\/Plan-de-travail-1-copie-1309x2048.jpg 1309w, https:\/\/danslevif.fr\/wp-content\/uploads\/2021\/12\/Plan-de-travail-1-copie.jpg 1475w\" sizes=\"(max-width: 654px) 100vw, 654px\" \/><\/figure><\/li><li class=\"blocks-gallery-item\"><figure><img decoding=\"async\" loading=\"lazy\" width=\"654\" height=\"1024\" src=\"http:\/\/danslevif.fr\/wp-content\/uploads\/2021\/12\/Plan-de-travail-1-copie-4-654x1024.jpg\" alt=\"\" data-id=\"477\" data-full-url=\"http:\/\/danslevif.fr\/wp-content\/uploads\/2021\/12\/Plan-de-travail-1-copie-4.jpg\" data-link=\"http:\/\/danslevif.fr\/?attachment_id=477\" class=\"wp-image-477\" srcset=\"https:\/\/danslevif.fr\/wp-content\/uploads\/2021\/12\/Plan-de-travail-1-copie-4-654x1024.jpg 654w, https:\/\/danslevif.fr\/wp-content\/uploads\/2021\/12\/Plan-de-travail-1-copie-4-192x300.jpg 192w, https:\/\/danslevif.fr\/wp-content\/uploads\/2021\/12\/Plan-de-travail-1-copie-4-768x1202.jpg 768w, https:\/\/danslevif.fr\/wp-content\/uploads\/2021\/12\/Plan-de-travail-1-copie-4-982x1536.jpg 982w, https:\/\/danslevif.fr\/wp-content\/uploads\/2021\/12\/Plan-de-travail-1-copie-4-1309x2048.jpg 1309w, https:\/\/danslevif.fr\/wp-content\/uploads\/2021\/12\/Plan-de-travail-1-copie-4.jpg 1475w\" sizes=\"(max-width: 654px) 100vw, 654px\" \/><\/figure><\/li><\/ul><\/figure>\n\n\n\n<p>Cliquez sur les textes pour les t\u00e9l\u00e9charger en format pdf.<br>Merci \u00e0 nos complices des <a rel=\"noreferrer noopener\" href=\"https:\/\/www.editionsducommun.org\/\" target=\"_blank\">\u00e9ditions du Commun<\/a> \u00e0 Rennes !<\/p>\n\n\n\n<p><a href=\"http:\/\/danslevif.fr\/wp-content\/uploads\/2021\/12\/AKAKPO-Mur-Danslevif2021.pdf\" target=\"_blank\" rel=\"noreferrer noopener\"><em>Mur <\/em>de Gustave Akakpo<\/a><\/p>\n\n\n\n<p><a href=\"http:\/\/danslevif.fr\/wp-content\/uploads\/2021\/12\/RENGADE-Tousliquideslepointcommun-Danslevif2021.pdf\" target=\"_blank\" rel=\"noreferrer noopener\"><em>Tous liquides le point commun <\/em>de Claire Rengade<\/a><\/p>\n\n\n\n<p><a href=\"http:\/\/danslevif.fr\/wp-content\/uploads\/2021\/12\/SIMONOT-Cestquandonnarien-Danslevif2021.pdf\" target=\"_blank\" rel=\"noreferrer noopener\"><em>C\u2019est quand on n\u2019a rien qu\u2019on conna\u00eet le prix du beurre<\/em> de Michel Simonot<\/a><\/p>\n\n\n\n<p><a href=\"http:\/\/danslevif.fr\/wp-content\/uploads\/2021\/12\/VEROT-Quittes-Danslevif2021.pdf\" target=\"_blank\" rel=\"noreferrer noopener\"><em>Quittes <\/em>de Lucie V\u00e9rot<\/a><\/p>\n\n\n\n<div class=\"wp-block-group is-layout-flow wp-block-group-is-layout-flow\"><div class=\"wp-block-group__inner-container\">\n<h2 class=\"wp-block-heading\">\u00c9dition 2019 : Les forces du d\u00e9sordre<\/h2>\n<\/div><\/div>\n\n\n\n<figure class=\"wp-block-gallery columns-4 is-cropped wp-block-gallery-4 is-layout-flex wp-block-gallery-is-layout-flex\"><ul class=\"blocks-gallery-grid\"><li class=\"blocks-gallery-item\"><figure><img decoding=\"async\" loading=\"lazy\" width=\"538\" height=\"765\" src=\"http:\/\/danslevif.fr\/wp-content\/uploads\/2019\/11\/EN-BOULE.jpg\" alt=\"\" data-id=\"271\" data-full-url=\"http:\/\/danslevif.fr\/wp-content\/uploads\/2019\/11\/EN-BOULE.jpg\" data-link=\"http:\/\/danslevif.fr\/?attachment_id=271\" class=\"wp-image-271\" srcset=\"https:\/\/danslevif.fr\/wp-content\/uploads\/2019\/11\/EN-BOULE.jpg 538w, https:\/\/danslevif.fr\/wp-content\/uploads\/2019\/11\/EN-BOULE-211x300.jpg 211w\" sizes=\"(max-width: 538px) 100vw, 538px\" \/><\/figure><\/li><li class=\"blocks-gallery-item\"><figure><img decoding=\"async\" loading=\"lazy\" width=\"539\" height=\"764\" src=\"http:\/\/danslevif.fr\/wp-content\/uploads\/2019\/11\/BAHIA-CELLE-QUI-A-UN-BEAU-VISAGE.jpg\" alt=\"\" data-id=\"272\" data-full-url=\"http:\/\/danslevif.fr\/wp-content\/uploads\/2019\/11\/BAHIA-CELLE-QUI-A-UN-BEAU-VISAGE.jpg\" data-link=\"http:\/\/danslevif.fr\/?attachment_id=272\" class=\"wp-image-272\" srcset=\"https:\/\/danslevif.fr\/wp-content\/uploads\/2019\/11\/BAHIA-CELLE-QUI-A-UN-BEAU-VISAGE.jpg 539w, https:\/\/danslevif.fr\/wp-content\/uploads\/2019\/11\/BAHIA-CELLE-QUI-A-UN-BEAU-VISAGE-212x300.jpg 212w\" sizes=\"(max-width: 539px) 100vw, 539px\" \/><\/figure><\/li><li class=\"blocks-gallery-item\"><figure><img decoding=\"async\" loading=\"lazy\" width=\"539\" height=\"766\" src=\"http:\/\/danslevif.fr\/wp-content\/uploads\/2019\/11\/SAINTE-JOURNEE.jpg\" alt=\"\" data-id=\"275\" data-full-url=\"http:\/\/danslevif.fr\/wp-content\/uploads\/2019\/11\/SAINTE-JOURNEE.jpg\" data-link=\"http:\/\/danslevif.fr\/?attachment_id=275\" class=\"wp-image-275\" srcset=\"https:\/\/danslevif.fr\/wp-content\/uploads\/2019\/11\/SAINTE-JOURNEE.jpg 539w, https:\/\/danslevif.fr\/wp-content\/uploads\/2019\/11\/SAINTE-JOURNEE-211x300.jpg 211w\" sizes=\"(max-width: 539px) 100vw, 539px\" \/><\/figure><\/li><li class=\"blocks-gallery-item\"><figure><img decoding=\"async\" loading=\"lazy\" width=\"539\" height=\"766\" src=\"http:\/\/danslevif.fr\/wp-content\/uploads\/2019\/11\/LA-CONFERENCE.jpg\" alt=\"\" data-id=\"274\" data-full-url=\"http:\/\/danslevif.fr\/wp-content\/uploads\/2019\/11\/LA-CONFERENCE.jpg\" data-link=\"http:\/\/danslevif.fr\/?attachment_id=274\" class=\"wp-image-274\" srcset=\"https:\/\/danslevif.fr\/wp-content\/uploads\/2019\/11\/LA-CONFERENCE.jpg 539w, https:\/\/danslevif.fr\/wp-content\/uploads\/2019\/11\/LA-CONFERENCE-211x300.jpg 211w\" sizes=\"(max-width: 539px) 100vw, 539px\" \/><\/figure><\/li><\/ul><\/figure>\n\n\n\n<p>Cliquez sur les textes pour les t\u00e9l\u00e9charger en format pdf.<\/p>\n\n\n\n<p><a href=\"http:\/\/danslevif.fr\/wp-content\/uploads\/2019\/11\/EN-BOULE-_-LECTURE.pdf\" data-type=\"URL\" data-id=\"http:\/\/danslevif.fr\/wp-content\/uploads\/2019\/11\/EN-BOULE-_-LECTURE.pdf\" target=\"_blank\" rel=\"noreferrer noopener\"><em>En boule <\/em>de Catherine Benhamou<\/a><\/p>\n\n\n\n<p><a href=\"http:\/\/danslevif.fr\/wp-content\/uploads\/2019\/11\/BAHIA-CELLE-QUI-A-UN-BEAU-VISAGE-_-LECTURE.pdf\" data-type=\"URL\" data-id=\"http:\/\/danslevif.fr\/wp-content\/uploads\/2019\/11\/BAHIA-CELLE-QUI-A-UN-BEAU-VISAGE-_-LECTURE.pdf\" target=\"_blank\" rel=\"noreferrer noopener\"><em>Bahia, celle qui a un beau visage <\/em>de Lucie Depauw<\/a><\/p>\n\n\n\n<p><a href=\"http:\/\/danslevif.fr\/wp-content\/uploads\/2019\/11\/SAINTE-JOURNEE-_-LECTURE.pdf\" data-type=\"URL\" data-id=\"http:\/\/danslevif.fr\/wp-content\/uploads\/2019\/11\/SAINTE-JOURNEE-_-LECTURE.pdf\" target=\"_blank\" rel=\"noreferrer noopener\"><em>Sainte journ\u00e9e <\/em>de Marc-Emmanuel Soriano<\/a><\/p>\n\n\n\n<p><a href=\"http:\/\/danslevif.fr\/wp-content\/uploads\/2019\/11\/LA-CONFERENCE-_-LECTURE.pdf\" data-type=\"URL\" data-id=\"http:\/\/danslevif.fr\/wp-content\/uploads\/2019\/11\/LA-CONFERENCE-_-LECTURE.pdf\" target=\"_blank\" rel=\"noreferrer noopener\"><em>La conf\u00e9rence <\/em>de Gr\u00e9goire Vauquois<\/a><\/p>\n\n\n\n<h2 class=\"wp-block-heading\">\u00c9dition 2018 : D\u00e9lits de solidarit\u00e9<\/h2>\n\n\n\n<p> Cliquez sur les textes pour les t\u00e9l\u00e9charger en format pdf.<\/p>\n\n\n\n<p><a rel=\"noreferrer noopener\" href=\"http:\/\/danslevif.fr\/wp-content\/uploads\/2021\/10\/CAYET-LaMeute-Danslevif2018.pdf\" data-type=\"URL\" data-id=\"http:\/\/danslevif.fr\/wp-content\/uploads\/2021\/10\/CAYET-LaMeute-Danslevif2018.pdf\" target=\"_blank\"><em>La meute <\/em>de Guillaume Cayet<\/a><\/p>\n\n\n\n<p><a href=\"http:\/\/danslevif.fr\/wp-content\/uploads\/2021\/10\/COGUYEC-LesInvites-Danslevif2018.pdf\" data-type=\"URL\" data-id=\"http:\/\/danslevif.fr\/wp-content\/uploads\/2021\/10\/COGUYEC-LesInvites-Danslevif2018.pdf\" target=\"_blank\" rel=\"noreferrer noopener\"><em>Les invit\u00e9s <\/em>de J\u00e9zabel Coguyec<\/a><\/p>\n\n\n\n<p><a href=\"http:\/\/danslevif.fr\/wp-content\/uploads\/2021\/10\/MALONE-Titanic-Danslevif2018.pdf\" data-type=\"URL\" data-id=\"http:\/\/danslevif.fr\/wp-content\/uploads\/2021\/10\/MALONE-Titanic-Danslevif2018.pdf\" target=\"_blank\" rel=\"noreferrer noopener\"><em>Titanic <\/em>de Philippe Malone<\/a><\/p>\n\n\n\n<p><a href=\"http:\/\/danslevif.fr\/wp-content\/uploads\/2021\/10\/NAVARRO-UnUlysse-Danslevif2018.pdf\" data-type=\"URL\" data-id=\"http:\/\/danslevif.fr\/wp-content\/uploads\/2021\/10\/NAVARRO-UnUlysse-Danslevif2018.pdf\" target=\"_blank\" rel=\"noreferrer noopener\"><em>Un Ulysse <\/em>de Mariette Navarro<\/a><\/p>\n","protected":false},"excerpt":{"rendered":"<p>Tous les textes \u00e9crits pour Dans le vif sont libres d&#8217;acc\u00e8s mais restent soumis au droit d\u2019auteur : avant toute utilisation publique, merci de vous rapprocher des soci\u00e9t\u00e9s de gestion des droits d\u2019auteur.Contactez notre collectif pour que nous mettions en valeur vos propositions autour des textes&nbsp; ! \u00c9dition 2021 : Quoi qu&#8217;il en co\u00fbte Cliquez &hellip; <a href=\"https:\/\/danslevif.fr\/?page_id=268\" class=\"more-link\">Continue reading <span class=\"screen-reader-text\">Tous les textes en acc\u00e8s libre<\/span><\/a><\/p>\n","protected":false},"author":1,"featured_media":0,"parent":0,"menu_order":0,"comment_status":"closed","ping_status":"closed","template":"","meta":{"footnotes":""},"jetpack_sharing_enabled":true,"_links":{"self":[{"href":"https:\/\/danslevif.fr\/index.php?rest_route=\/wp\/v2\/pages\/268"}],"collection":[{"href":"https:\/\/danslevif.fr\/index.php?rest_route=\/wp\/v2\/pages"}],"about":[{"href":"https:\/\/danslevif.fr\/index.php?rest_route=\/wp\/v2\/types\/page"}],"author":[{"embeddable":true,"href":"https:\/\/danslevif.fr\/index.php?rest_route=\/wp\/v2\/users\/1"}],"replies":[{"embeddable":true,"href":"https:\/\/danslevif.fr\/index.php?rest_route=%2Fwp%2Fv2%2Fcomments&post=268"}],"version-history":[{"count":26,"href":"https:\/\/danslevif.fr\/index.php?rest_route=\/wp\/v2\/pages\/268\/revisions"}],"predecessor-version":[{"id":491,"href":"https:\/\/danslevif.fr\/index.php?rest_route=\/wp\/v2\/pages\/268\/revisions\/491"}],"wp:attachment":[{"href":"https:\/\/danslevif.fr\/index.php?rest_route=%2Fwp%2Fv2%2Fmedia&parent=268"}],"curies":[{"name":"wp","href":"https:\/\/api.w.org\/{rel}","templated":true}]}}