{"id":28,"date":"2018-09-26T18:51:39","date_gmt":"2018-09-26T16:51:39","guid":{"rendered":"http:\/\/danslevif.fr\/?page_id=28"},"modified":"2021-06-03T20:11:37","modified_gmt":"2021-06-03T18:11:37","slug":"dans-le-vif-mode-demploi","status":"publish","type":"page","link":"https:\/\/danslevif.fr\/?page_id=28","title":{"rendered":"La r\u00e8gle du jeu"},"content":{"rendered":"<p style=\"text-align: justify;\"><strong>Dans le vif, c\u2019est une suite de r\u00e9actions\u00a0:<\/strong><\/p>\n<ul>\n<li style=\"text-align: justify;\"><strong>un th\u00e8me en lien avec l\u2019actualit\u00e9<\/strong><\/li>\n<li style=\"text-align: justify;\"><strong>des auteurs et autrices qui \u00e9crivent sur ce th\u00e8me en temps resserr\u00e9<\/strong><\/li>\n<li style=\"text-align: justify;\"><strong>des artistes qui s\u2019emparent de ces textes en temps limit\u00e9\u00a0<\/strong><\/li>\n<\/ul>\n<p style=\"text-align: justify;\">Tous les deux ans, notre collectif demande \u00e0 plusieurs auteurs et autrices d\u2019\u00e9crire chacun un texte de th\u00e9\u00e2tre court, en r\u00e9action \u00e0 une question d\u2019actualit\u00e9.<\/p>\n<p style=\"text-align: justify;\">Les auteurs ont un temps bref pour \u00e9crire (de l\u2019ordre de trois mois), le th\u00e8me leur \u00e9tant communiqu\u00e9 au dernier moment. Notre \u00e9quipe artistique s\u2019empare ensuite des textes et pr\u00e9pare une lecture publique ou une mise en sc\u00e8ne, l\u00e0 aussi en temps limit\u00e9. Les soir\u00e9es de repr\u00e9sentations se prolongent par un d\u00e9bat en pr\u00e9sence d\u2019un ou une sp\u00e9cialiste du th\u00e8me de soci\u00e9t\u00e9. Les textes peuvent conna\u00eetre d\u2019autres devenirs selon les partenariats que nous tissons et nous encourageons toutes les initiatives visant \u00e0 s&#8217;en emparer au plus large, notamment en les rendant libres d&#8217;acc\u00e8s sur notre site Internet.<\/p>\n<p style=\"text-align: justify;\"><strong>Les conditions et l\u2019esprit du projet imposent donc une forme d\u2019urgence. Tout se fait tr\u00e8s vite et incite \u00e0 fonctionner en r\u00e9activit\u00e9, impliquant un geste artistique un peu jet\u00e9 au d\u00e9bott\u00e9. Ce que Dans le vif met en avant, c\u2019est la vitalit\u00e9, la cr\u00e9ativit\u00e9 du th\u00e9\u00e2tre de texte, sa capacit\u00e9 \u00e0 se saisir du politique, son d\u00e9sir de spontan\u00e9it\u00e9, sa propension \u00e0 \u00eatre un endroit d\u2019\u00e9change.<\/strong><\/p>\n<figure id=\"attachment_92\" aria-describedby=\"caption-attachment-92\" style=\"width: 600px\" class=\"wp-caption aligncenter\"><img decoding=\"async\" loading=\"lazy\" class=\"wp-image-92\" src=\"http:\/\/danslevif.fr\/wp-content\/uploads\/2018\/09\/Franck-Belloeil-1-300x200.jpg\" alt=\"\" width=\"600\" height=\"400\" srcset=\"https:\/\/danslevif.fr\/wp-content\/uploads\/2018\/09\/Franck-Belloeil-1-300x200.jpg 300w, https:\/\/danslevif.fr\/wp-content\/uploads\/2018\/09\/Franck-Belloeil-1-768x512.jpg 768w, https:\/\/danslevif.fr\/wp-content\/uploads\/2018\/09\/Franck-Belloeil-1-1024x683.jpg 1024w, https:\/\/danslevif.fr\/wp-content\/uploads\/2018\/09\/Franck-Belloeil-1-400x267.jpg 400w, https:\/\/danslevif.fr\/wp-content\/uploads\/2018\/09\/Franck-Belloeil-1.jpg 1800w\" sizes=\"(max-width: 600px) 100vw, 600px\" \/><figcaption id=\"caption-attachment-92\" class=\"wp-caption-text\">\u00a9 Franck Belloeil<\/figcaption><\/figure>\n<p style=\"text-align: justify;\">Dans le vif r\u00e9unit plusieurs artistes d\u2019horizons diff\u00e9rents, ayant tous et toutes leurs propres activit\u00e9s de cr\u00e9ation. Ces artistes trouvent au sein de Dans le vif un fonctionnement collectif in\u00e9dit qui s\u2019invente dans le m\u00eame temps qu\u2019il se vit. Leur cr\u00e9ativit\u00e9 s\u2019exprime aussi bien artistiquement que logistiquement, ce qui rend le projet unique dans leur parcours.<\/p>\n<p style=\"text-align: justify;\">Dans le vif s\u2019ancre dans les \u00e9critures. Nous faisons appel \u00e0 des auteurs et des autrices qui nous touchent dans leurs esth\u00e9tiques et dans leur diversit\u00e9. Nous les accompagnons lors de r\u00e9sidences d\u2019\u00e9criture afin de leur permettre de trouver leur propre ad\u00e9quation avec Dans le vif.<\/p>\n<p style=\"text-align: justify;\">Dans le vif a des r\u00e8gles du jeu qui rendent le geste artistique incertain quant \u00e0 son aboutissement final. Nous acceptons ces r\u00e8gles du jeu dans ce qu\u2019elles comportent de tentative et de prise de risque.<\/p>\n<p style=\"text-align: justify;\">Dans le vif se cr\u00e9e dans un temps restreint de r\u00e9p\u00e9titions. Nous adoptons la convention du texte en main dans nos pr\u00e9sentations afin de donner le signe de cette urgence.<\/p>\n<p style=\"text-align: justify;\">Dans le vif doit susciter l\u2019\u00e9change. Nos pr\u00e9sentations se font en deux temps\u00a0: une lecture mise en espace suivie d\u2019une discussion avec les personnes pr\u00e9sentes. D\u2019autres dispositifs s\u2019inventent selon les occasions.<\/p>\n<p style=\"text-align: justify;\">Dans le vif porte une attention particuli\u00e8re \u00e0 la diversit\u00e9 des lieux associ\u00e9s. Nous souhaitons ainsi pouvoir varier les publics, enrichir les rencontres possibles \u2013 des lieux institutionnels aux sites plus underground, des th\u00e9\u00e2tres aux m\u00e9diath\u00e8ques ou aux universit\u00e9s \u2013 et faire circuler largement les \u0153uvres.<\/p>\n","protected":false},"excerpt":{"rendered":"<p>Dans le vif, c\u2019est une suite de r\u00e9actions\u00a0: un th\u00e8me en lien avec l\u2019actualit\u00e9 des auteurs et autrices qui \u00e9crivent sur ce th\u00e8me en temps resserr\u00e9 des artistes qui s\u2019emparent de ces textes en temps limit\u00e9\u00a0 Tous les deux ans, notre collectif demande \u00e0 plusieurs auteurs et autrices d\u2019\u00e9crire chacun un texte de th\u00e9\u00e2tre court, &hellip; <a href=\"https:\/\/danslevif.fr\/?page_id=28\" class=\"more-link\">Continue reading <span class=\"screen-reader-text\">La r\u00e8gle du jeu<\/span><\/a><\/p>\n","protected":false},"author":1,"featured_media":0,"parent":0,"menu_order":0,"comment_status":"closed","ping_status":"closed","template":"","meta":{"footnotes":""},"jetpack_sharing_enabled":true,"_links":{"self":[{"href":"https:\/\/danslevif.fr\/index.php?rest_route=\/wp\/v2\/pages\/28"}],"collection":[{"href":"https:\/\/danslevif.fr\/index.php?rest_route=\/wp\/v2\/pages"}],"about":[{"href":"https:\/\/danslevif.fr\/index.php?rest_route=\/wp\/v2\/types\/page"}],"author":[{"embeddable":true,"href":"https:\/\/danslevif.fr\/index.php?rest_route=\/wp\/v2\/users\/1"}],"replies":[{"embeddable":true,"href":"https:\/\/danslevif.fr\/index.php?rest_route=%2Fwp%2Fv2%2Fcomments&post=28"}],"version-history":[{"count":4,"href":"https:\/\/danslevif.fr\/index.php?rest_route=\/wp\/v2\/pages\/28\/revisions"}],"predecessor-version":[{"id":411,"href":"https:\/\/danslevif.fr\/index.php?rest_route=\/wp\/v2\/pages\/28\/revisions\/411"}],"wp:attachment":[{"href":"https:\/\/danslevif.fr\/index.php?rest_route=%2Fwp%2Fv2%2Fmedia&parent=28"}],"curies":[{"name":"wp","href":"https:\/\/api.w.org\/{rel}","templated":true}]}}