{"id":341,"date":"2021-05-18T17:15:10","date_gmt":"2021-05-18T15:15:10","guid":{"rendered":"http:\/\/danslevif.fr\/?page_id=341"},"modified":"2021-06-02T15:41:56","modified_gmt":"2021-06-02T13:41:56","slug":"edition-2021-quoi-quil-en-coute","status":"publish","type":"page","link":"https:\/\/danslevif.fr\/?page_id=341","title":{"rendered":"\u00c9dition 2021 : Quoi qu&#8217;il en co\u00fbte"},"content":{"rendered":"\n<p class=\"has-text-align-justify\">Quand la formule \u00ab <strong>Quoi qu\u2019il en co\u00fbte<\/strong> \u00bb a surgi, en mars 2020, il s\u2019agissait de sauver des vies alors que l\u2019humanit\u00e9 entrait dans une pand\u00e9mie mondiale. Mettant en rapport le domaine de l&#8217;\u00e9conomie et celui du soin, l\u2019expression interroge sur la valeur de la vie et de la dignit\u00e9 humaine. Brandi et r\u00e9p\u00e9t\u00e9 par le corps politique, le \u00ab Quoi qu\u2019il en co\u00fbte \u00bb, par son caract\u00e8re absolu, brouille la distinction entre le co\u00fbt \u00e9conomique du covid-19 pour la collectivit\u00e9 et le co\u00fbt d\u2019une mise sous respirateur, le co\u00fbt de la fermeture d\u2019un commerce, le co\u00fbt de la saturation de l\u2019espace politique par l\u2019\u00e9motionnel, le co\u00fbt psychique de l\u2019isolement de celles et ceux qui \u00e9tudient ou t\u00e9l\u00e9travaillent, le co\u00fbt social de l\u2019interdiction des rassemblements, le co\u00fbt sentimental des amours entrav\u00e9es\u2026 Le monde se mesure-t-il \u00e0 l\u2019aune d\u2019un ratio b\u00e9n\u00e9fices-risques, en hi\u00e9rarchisant le vivant par le prisme de l\u2019\u00e9conomie et\/ou de l\u2019immunitaire ?<\/p>\n\n\n\n<figure class=\"wp-block-image size-large\"><img decoding=\"async\" loading=\"lazy\" width=\"800\" height=\"534\" src=\"http:\/\/danslevif.fr\/wp-content\/uploads\/2021\/05\/tumblr_o81ipbOHIW1rwcz47o1_1280.jpg\" alt=\"\" class=\"wp-image-342\" srcset=\"https:\/\/danslevif.fr\/wp-content\/uploads\/2021\/05\/tumblr_o81ipbOHIW1rwcz47o1_1280.jpg 800w, https:\/\/danslevif.fr\/wp-content\/uploads\/2021\/05\/tumblr_o81ipbOHIW1rwcz47o1_1280-300x200.jpg 300w, https:\/\/danslevif.fr\/wp-content\/uploads\/2021\/05\/tumblr_o81ipbOHIW1rwcz47o1_1280-768x513.jpg 768w\" sizes=\"(max-width: 800px) 100vw, 800px\" \/><figcaption>laissezlesmurspropres.tumblr.com<\/figcaption><\/figure>\n\n\n\n<p class=\"has-text-align-justify\"><strong>En 2021, nous faisons appel \u00e0 quatre nouveaux auteurs et autrices et les convions \u00e0 \u00e9crire une courte pi\u00e8ce de th\u00e9\u00e2tre sur le th\u00e8me Quoi qu&#8217;il en co\u00fbte. Nous d\u00e9couvrirons et rendrons publics les textes de Gustave Akakpo, Claire Rengade, Michel Simonot et Lucie V\u00e9rot \u00e0 l&#8217;automne.<\/strong><\/p>\n\n\n\n<p class=\"has-text-align-justify\">Cette \u00e9dition voit le jour gr\u00e2ce au soutien de la DRAC Bretagne et de la Ville de Rennes, avec nos partenaires rennais la MJC du Grand Cordel, le th\u00e9\u00e2tre-MJC de la Paillette, l&#8217;ADEC-Maison du th\u00e9\u00e2tre amateur, le th\u00e9\u00e2tre du Cercle. <br>Premi\u00e8re \u00e9tape en juin 2021 \u00e0 <a rel=\"noreferrer noopener\" href=\"https:\/\/abbayebeauport.com\/\" target=\"_blank\">l&#8217;abbaye de Beauport<\/a> \u00e0 Paimpol (C\u00f4tes-d&#8217;Armor), tout \u00e0 la fois monument historique, domaine naturel, espace de pens\u00e9e et d\u2019\u00e9change sur le rapport Homme-Nature, qui nous accueille en r\u00e9sidence de dramaturgie.<br><br><\/p>\n\n\n\n<p><\/p>\n\n\n\n<p><\/p>\n\n\n\n<p><\/p>\n\n\n\n<p><\/p>\n\n\n\n<div class=\"wp-block-columns is-layout-flex wp-container-5 wp-block-columns-is-layout-flex\">\n<div class=\"wp-block-column is-layout-flow wp-block-column-is-layout-flow\" style=\"flex-basis:50%\">\n<figure class=\"wp-block-image size-large is-resized\"><img decoding=\"async\" loading=\"lazy\" src=\"http:\/\/danslevif.fr\/wp-content\/uploads\/2021\/06\/Gustave-Akakpo-photo-Paola-Secret-1.jpeg\" alt=\"\" class=\"wp-image-369\" width=\"150\" height=\"200\" srcset=\"https:\/\/danslevif.fr\/wp-content\/uploads\/2021\/06\/Gustave-Akakpo-photo-Paola-Secret-1.jpeg 300w, https:\/\/danslevif.fr\/wp-content\/uploads\/2021\/06\/Gustave-Akakpo-photo-Paola-Secret-1-225x300.jpeg 225w\" sizes=\"(max-width: 150px) 100vw, 150px\" \/><\/figure>\n\n\n\n<p class=\"has-text-align-left has-text-color has-small-font-size\" style=\"color:#9a9a9a\">\u00a9 Paola Secret<\/p>\n<\/div>\n\n\n\n<div class=\"wp-block-column is-layout-flow wp-block-column-is-layout-flow\" style=\"flex-basis:180%\">\n<p class=\"has-text-align-justify has-medium-font-size\"><strong>Gustave Akakpo<\/strong><\/p>\n\n\n\n<div class=\"wp-block-columns is-layout-flex wp-container-3 wp-block-columns-is-layout-flex\">\n<div class=\"wp-block-column is-layout-flow wp-block-column-is-layout-flow\" style=\"flex-basis:180%\">\n<p class=\"has-text-align-justify\">Enfant, <strong>Gustave A. Akakpo <\/strong>se r\u00eavait explorateur, chercheur, pionnier, voyageur intersid\u00e9ral aux confins de l\u2019espace, mais au final, sa nature douillette l\u2019am\u00e8ne \u00e0 jeter son d\u00e9volu sur l\u2019imaginaire, \u00e0 prospecter les interstices de l\u2019\u00eatre humain plut\u00f4t qu\u2019\u00e0 aller se cailler les miches au p\u00f4le nord. Et depuis, y a du monde qui grouille dedans sa chair, des histoires qui lui retournent l\u2019estomac et qui lui filent l\u2019envie de hurler au sommet d\u2019une tour. Pour ne pas finir \u00e0 l\u2019asile, il s\u2019exerce \u00e0 diff\u00e9rentes formes d\u2019expression artistique socialement acceptables : dramaturge, com\u00e9dien, conteur, illustrateur, plasticien. Grand bien lui en a pris, ses textes sont jou\u00e9s en Afrique, en Europe et dans la Cara\u00efbe, traduits dans une dizaine de langues, r\u00e9compens\u00e9s par divers prix et publi\u00e9s aux \u00e9ditions Lansman, Actes-Sud Papiers et Th\u00e9\u00e2trales.<\/p>\n<\/div>\n<\/div>\n<\/div>\n<\/div>\n\n\n\n<div class=\"wp-block-columns is-layout-flex wp-container-10 wp-block-columns-is-layout-flex\">\n<div class=\"wp-block-column is-layout-flow wp-block-column-is-layout-flow\" style=\"flex-basis:50%\">\n<div class=\"wp-block-columns is-layout-flex wp-container-7 wp-block-columns-is-layout-flex\">\n<div class=\"wp-block-column is-layout-flow wp-block-column-is-layout-flow\" style=\"flex-basis:100%\">\n<figure class=\"wp-block-image size-large\"><img decoding=\"async\" loading=\"lazy\" width=\"177\" height=\"236\" src=\"http:\/\/danslevif.fr\/wp-content\/uploads\/2021\/06\/Claire-Rengade.jpeg\" alt=\"\" class=\"wp-image-392\"\/><\/figure>\n<\/div>\n<\/div>\n\n\n\n<p class=\"has-text-align-left has-text-color has-small-font-size\" style=\"color:#9a9a9a\">DR<\/p>\n<\/div>\n\n\n\n<div class=\"wp-block-column is-layout-flow wp-block-column-is-layout-flow\" style=\"flex-basis:180%\">\n<p class=\"has-medium-font-size\"><strong>Claire Rengade<\/strong><\/p>\n\n\n\n<p class=\"has-text-align-justify\">Com\u00e9dienne, auteure, metteuse en sc\u00e8ne et interpr\u00e8te, <strong>Claire Rengade <\/strong>\u00e9crit et joue pour le th\u00e9\u00e2tre, la musique, le cirque la marionnette, la danse, la radio, <em>d\u00e8s que \u00e7a parle.<\/em> D\u2019abord orthophoniste, elle dirige le th\u00e9\u00e2tre Craie (th\u00e9\u00e2tre musique cirque) de 1996 \u00e0 2014, o\u00f9 elle met en sc\u00e8ne des textes de Witold Gombrowicz, William Pellier, Annie Zadek, Patrick Kerman, Philippe Minyana, Nicolas Bouvier, puis ses propres textes \u00e0 partir de 2001 (<em>C\u2019est comme Flash Gordon au d\u00e9but, Nous c\u2019est juste des jeux, Ma plus grande pi\u00e8ce c\u2019est dehors, Les terriens,<\/em> <em>Buggation<\/em>\u2026). Elle \u00e9crit en territoire et en r\u00e9sidence parmi<em> les gens qui sont des pays<\/em> et <em>va au monde pour parler de lui<\/em>. A partir de 2014, elle est interpr\u00e8te de ses textes, accompagn\u00e9e de musiciens, danseurs, ou acrobates (<em>Cheval et Claire<\/em>, <em>Lambert<\/em>, <em>Les premiers les derniers<\/em>, <em>Parabolique<\/em>) au sein de La milli\u00e8me qu\u2019elle fonde en 2016. Une vingtaine de ses textes et textes jeunesse sont publi\u00e9s (\u00e9ditions Espaces 34, \u00e9ditions Th\u00e9\u00e2trales, Color Gang), et\/ou jou\u00e9s par d\u2019autres (op\u00e9ra, rock, blues, \u00e9lectro, danse, radio, land art, albums, documentaire) et m\u00eame en allemand. En 2020 elle co-cr\u00e9e le groupe pluridisciplinaire Insubmersible autour de son texte, <em>Et insubmersible dans la seconde qui suit<\/em>, r\u00e9cemment paru aux \u00e9ditions Espaces 34.<\/p>\n<\/div>\n<\/div>\n\n\n\n<p class=\"has-text-align-justify has-medium-font-size\"><\/p>\n\n\n\n<div class=\"wp-block-columns is-layout-flex wp-container-13 wp-block-columns-is-layout-flex\">\n<div class=\"wp-block-column is-layout-flow wp-block-column-is-layout-flow\" style=\"flex-basis:50%\">\n<figure class=\"wp-block-image size-large\"><img decoding=\"async\" loading=\"lazy\" width=\"768\" height=\"1024\" src=\"http:\/\/danslevif.fr\/wp-content\/uploads\/2021\/06\/Michel-Simonot-\u00a9-D.-Scott-768x1024.jpg\" alt=\"\" class=\"wp-image-393\" srcset=\"https:\/\/danslevif.fr\/wp-content\/uploads\/2021\/06\/Michel-Simonot-\u00a9-D.-Scott-768x1024.jpg 768w, https:\/\/danslevif.fr\/wp-content\/uploads\/2021\/06\/Michel-Simonot-\u00a9-D.-Scott-225x300.jpg 225w, https:\/\/danslevif.fr\/wp-content\/uploads\/2021\/06\/Michel-Simonot-\u00a9-D.-Scott-1152x1536.jpg 1152w, https:\/\/danslevif.fr\/wp-content\/uploads\/2021\/06\/Michel-Simonot-\u00a9-D.-Scott.jpg 1257w\" sizes=\"(max-width: 768px) 100vw, 768px\" \/><\/figure>\n\n\n\n<p class=\"has-text-align-left has-text-color has-small-font-size\" style=\"color:#9a9a9a\">\u00a9 D. Scott<\/p>\n<\/div>\n\n\n\n<div class=\"wp-block-column is-layout-flow wp-block-column-is-layout-flow\" style=\"flex-basis:180%\">\n<p class=\"has-medium-font-size\"><strong>Michel Simonot<\/strong><\/p>\n\n\n\n<p class=\"has-text-align-justify\"><strong>Michel Simonot <\/strong>est homme de th\u00e9\u00e2tre, \u00e9crivain et metteur en sc\u00e8ne. Il est \u00e9galement sociologue de la culture. Ses derni\u00e8res publications th\u00e9\u00e2trales comprennent : <em>Le but de Roberto Carlos<\/em> (\u00e9d. Quartett, 2013) et <em>Delta Charlie Delta<\/em> (\u00e9d. Espaces 34, 2016), finaliste du Grand prix de litt\u00e9rature dramatique 2018, laur\u00e9at du prix Collidram 2017 (Prix de litt\u00e9rature dramatique des coll\u00e8ges), traduit en anglais, allemand, espagnol. La langue retourn\u00e9e de la culture, un ouvrage sur les politiques culturelles, para\u00eet en 2017 (\u00e9d. Exc\u00e8s). Michel Simonot codirige le festival Bruits Blancs avec le compositeur Franck Vigroux. Il a \u00e9t\u00e9 auteur-metteur en sc\u00e8ne associ\u00e9 au Centre dramatique national Th\u00e9\u00e2tre G\u00e9rard Philipe de Saint Denis, sous la direction d\u2019Alain Ollivier. Il a \u00e9t\u00e9 adjoint \u00e0 la direction des fictions de France Culture. Il fait partie du groupe Petrol, avec les \u00e9crivains Lancelot Hamelin, Sylvain Levey, Philippe Malone.<\/p>\n<\/div>\n<\/div>\n\n\n\n<p class=\"has-medium-font-size\"><\/p>\n\n\n\n<div class=\"wp-block-columns is-layout-flex wp-container-16 wp-block-columns-is-layout-flex\">\n<div class=\"wp-block-column is-layout-flow wp-block-column-is-layout-flow\" style=\"flex-basis:50%\">\n<div class=\"wp-block-image\"><figure class=\"alignleft size-large\"><img decoding=\"async\" loading=\"lazy\" width=\"768\" height=\"1024\" src=\"http:\/\/danslevif.fr\/wp-content\/uploads\/2021\/06\/VEROT-LUCIE-DR-768x1024.jpg\" alt=\"\" class=\"wp-image-394\" srcset=\"https:\/\/danslevif.fr\/wp-content\/uploads\/2021\/06\/VEROT-LUCIE-DR-768x1024.jpg 768w, https:\/\/danslevif.fr\/wp-content\/uploads\/2021\/06\/VEROT-LUCIE-DR-225x300.jpg 225w, https:\/\/danslevif.fr\/wp-content\/uploads\/2021\/06\/VEROT-LUCIE-DR-1152x1536.jpg 1152w, https:\/\/danslevif.fr\/wp-content\/uploads\/2021\/06\/VEROT-LUCIE-DR-1536x2048.jpg 1536w, https:\/\/danslevif.fr\/wp-content\/uploads\/2021\/06\/VEROT-LUCIE-DR-scaled.jpg 1920w\" sizes=\"(max-width: 768px) 100vw, 768px\" \/><\/figure><\/div>\n\n\n\n<p class=\"has-text-color has-small-font-size\" style=\"color:#9a9a9a\">DR<\/p>\n<\/div>\n\n\n\n<div class=\"wp-block-column is-layout-flow wp-block-column-is-layout-flow\" style=\"flex-basis:180%\">\n<p class=\"has-text-align-justify has-medium-font-size\"><strong>Lucie V\u00e9rot<\/strong><\/p>\n\n\n\n<p class=\"has-text-align-justify\"><strong>Lucie V\u00e9rot <\/strong>est dipl\u00f4m\u00e9e de l\u2019ENSATT, formation \u00c9crivain\u00b7e dramaturge, depuis 2017. Sa premi\u00e8re pi\u00e8ce publi\u00e9e, <em>Mangrove<\/em>, est parue aux \u00e9ditions Espaces 34 en 2019 et <em>Prouve-le<\/em> est \u00e0 para\u00eetre aux \u00c9ditions des Solitaires Intempestifs en 2021. Deux de ses textes pour adolescent\u00b7es ont \u00e9t\u00e9 cr\u00e9\u00e9s \u00e0 la Com\u00e9die de Valence : <em>Le G\u00e8ne de l\u2019orchid\u00e9e<\/em>, mis en sc\u00e8ne en 2014 par Luc Chareyron, et <em>Prouve-le<\/em>, mis en sc\u00e8ne en 2016 par Ma\u00efanne Barth\u00e8s, qui a \u00e9galement cr\u00e9\u00e9 son texte <em>Antigone faille zero day<\/em> en 2017. En tant que dramaturge, elle a travaill\u00e9 \u00e0 Kourou (Guyane) avec la compagnie le Th\u00e9\u00e2tre de l\u2019Entonnoir en 2017. Suite \u00e0 ce s\u00e9jour elle \u00e9crit <em>Jeune qui veille et vieux qui dort<\/em> et <em>Fins de service<\/em> (laur\u00e9at de l\u2019Aide \u00e0 la cr\u00e9ation d\u2019Artcena en novembre 2020). Elle collabore avec le Saint-Denis Jazz Club en tant que librettiste de <em>L\u2019Op\u00e9ra vert<\/em>, compos\u00e9 par Emmanuel Bex (au TGP de Saint-Denis en mai 2021). Elle travaille \u00e0 diff\u00e9rentes commandes d\u2019\u00e9criture, avec la compagnie Th\u00e9\u00e2tre Octobre et avec la compagnie Tras, pour la sc\u00e8ne et pour l\u2019espace public.<\/p>\n<\/div>\n<\/div>\n","protected":false},"excerpt":{"rendered":"<p>Quand la formule \u00ab Quoi qu\u2019il en co\u00fbte \u00bb a surgi, en mars 2020, il s\u2019agissait de sauver des vies alors que l\u2019humanit\u00e9 entrait dans une pand\u00e9mie mondiale. Mettant en rapport le domaine de l&#8217;\u00e9conomie et celui du soin, l\u2019expression interroge sur la valeur de la vie et de la dignit\u00e9 humaine. Brandi et r\u00e9p\u00e9t\u00e9 &hellip; <a href=\"https:\/\/danslevif.fr\/?page_id=341\" class=\"more-link\">Continue reading <span class=\"screen-reader-text\">\u00c9dition 2021 : Quoi qu&#8217;il en co\u00fbte<\/span><\/a><\/p>\n","protected":false},"author":1,"featured_media":0,"parent":0,"menu_order":0,"comment_status":"closed","ping_status":"closed","template":"","meta":{"footnotes":""},"jetpack_sharing_enabled":true,"_links":{"self":[{"href":"https:\/\/danslevif.fr\/index.php?rest_route=\/wp\/v2\/pages\/341"}],"collection":[{"href":"https:\/\/danslevif.fr\/index.php?rest_route=\/wp\/v2\/pages"}],"about":[{"href":"https:\/\/danslevif.fr\/index.php?rest_route=\/wp\/v2\/types\/page"}],"author":[{"embeddable":true,"href":"https:\/\/danslevif.fr\/index.php?rest_route=\/wp\/v2\/users\/1"}],"replies":[{"embeddable":true,"href":"https:\/\/danslevif.fr\/index.php?rest_route=%2Fwp%2Fv2%2Fcomments&post=341"}],"version-history":[{"count":29,"href":"https:\/\/danslevif.fr\/index.php?rest_route=\/wp\/v2\/pages\/341\/revisions"}],"predecessor-version":[{"id":408,"href":"https:\/\/danslevif.fr\/index.php?rest_route=\/wp\/v2\/pages\/341\/revisions\/408"}],"wp:attachment":[{"href":"https:\/\/danslevif.fr\/index.php?rest_route=%2Fwp%2Fv2%2Fmedia&parent=341"}],"curies":[{"name":"wp","href":"https:\/\/api.w.org\/{rel}","templated":true}]}}